{"id":8777,"date":"2022-05-03T09:16:03","date_gmt":"2022-05-03T07:16:03","guid":{"rendered":"https:\/\/www.talmud.de\/tlmd\/?page_id=8777"},"modified":"2022-05-05T14:37:37","modified_gmt":"2022-05-05T12:37:37","slug":"zum-wochenabschnitt-kedoschim","status":"publish","type":"page","link":"https:\/\/www.talmud.de\/tlmd\/zum-wochenabschnitt-kedoschim\/","title":{"rendered":"Zum Wochenabschnitt Kedoschim"},"content":{"rendered":"\n<div class=\"wp-block-image\"><figure class=\"aligncenter size-large\"><a href=\"https:\/\/i0.wp.com\/www.talmud.de\/tlmd\/wp-content\/uploads\/2021\/03\/torah_rolle.png?ssl=1\"><img data-recalc-dims=\"1\" loading=\"lazy\" decoding=\"async\" width=\"269\" height=\"245\" src=\"https:\/\/i0.wp.com\/www.talmud.de\/tlmd\/wp-content\/uploads\/2021\/03\/torah_rolle.png?resize=269%2C245&#038;ssl=1\" alt=\"\" class=\"wp-image-7257\"\/><\/a><\/figure><\/div>\n\n\n\n<h2 class=\"wp-block-heading\">Zusammenfassung<\/h2>\n\n\n\n<p><em>WaJikra <\/em>19,1\u201320,27<br>Der Abschnitt dieser Woche enth\u00e4lt Anweisungen an das gesamte Volk Israel, heilig zu sein in Gedanken, Worten und Taten. Unter anderem werden gefordert: Respekt vor Vater und Mutter, die Einhaltung des Schabbat, nicht G\u00f6tzen anzubeten, Ecken der Felder f\u00fcr Arme \u00fcbrigzulassen, nicht zu stehlen, Gerechtigkeit walten zu lassen, Fr\u00fcchte von jungen B\u00e4umen nicht zu verzehren, nicht auf Totenbeschw\u00f6rer und Zeichendeuter zu h\u00f6ren und mit Ma\u00dfen und Gewichten ehrlich umzugehen. Den Abschluss bilden Strafen f\u00fcr diejenigen, die verbotene sexuelle Beziehungen eingehen.<\/p>\n\n\n\n<h2 class=\"wp-block-heading\">Torahabschnitt<\/h2>\n\n\n\n<ul class=\"wp-block-list\"><li><strong><a href=\"https:\/\/www.talmud.de\/tlmd\/die-torah-eine-deutsche-uebersetzung\/die-torah-kedoschim\/\">Text des Wochenabschnitts (Deutsch)<\/a><\/strong><\/li><li><strong><a href=\"https:\/\/www.sefaria.org\/Leviticus.19.1?ven=Die_Heilige_Schrift,_trans._Dr._Simon_Bernfeld,_Berlin,_1902_-_German_[de]&amp;lang=bi&amp;aliyot=1\" target=\"_blank\" rel=\"noreferrer noopener\">Text des Wochenabschnitts<\/a><\/strong>&nbsp;talmud.de \u00dcbersetzung auf Sefaria&nbsp;<img loading=\"lazy\" decoding=\"async\" width=\"20\" height=\"24\" src=\"https:\/\/i2.wp.com\/www.talmud.de\/tlmd\/wp-content\/uploads\/2021\/08\/sefaria_klein.png?resize=20%2C24&amp;ssl=1\" alt=\"Sefaria Logo\">&nbsp;Hebr\u00e4isch-Deutsch<\/li><li><strong><a href=\"https:\/\/tikkun.io\/#\/p\/kedoshim\" target=\"_blank\" rel=\"noreferrer noopener\">Abschnitt im Tikkun<\/a><\/strong>&nbsp;<img loading=\"lazy\" decoding=\"async\" width=\"41\" height=\"28\" src=\"https:\/\/i1.wp.com\/www.talmud.de\/tlmd\/wp-content\/uploads\/2020\/06\/tikkun_online_schriftwechsel.png?resize=41%2C28&amp;ssl=1\" alt=\"\"><\/li><\/ul>\n\n\n\n<h2 class=\"wp-block-heading\">Zum Wochenabschnitt<\/h2>\n\n\n\n<ul class=\"wp-block-list\"><li><strong><a rel=\"noreferrer noopener\" href=\"https:\/\/www.juedische-allgemeine.de\/religion\/duales-system\/\" target=\"_blank\">Duales System<\/a><\/strong> Heiligkeit ist himmlisch festgelegt \u2013 doch kommt sie erst durch menschliches Verhalten zur Geltung Von Rabbiner Jaron Engelmayer <em>J\u00fcdische Allgemeine<\/em><\/li><li><strong><a rel=\"noreferrer noopener\" href=\"https:\/\/www.juedische-allgemeine.de\/religion\/seid-heilig\/\" target=\"_blank\">\u00bbSeid heilig!\u00ab<\/a><\/strong> Warum sich der Mensch nicht geistig verunreinigen soll Von Rabbiner Israel Meir Levinger <em>J\u00fcdische Allgemeine<\/em><\/li><li><strong><a rel=\"noreferrer noopener\" href=\"https:\/\/de.chabad.org\/parshah\/article_cdo\/aid\/725522\/jewish\/Der-Weg-zur-Heiligkeit.htm\" target=\"_blank\">Der Weg zur Heiligkeit<\/a><\/strong> Von Dr. William Stern.\u00a0<em>Chabad<\/em><\/li><li><strong><a rel=\"noreferrer noopener\" href=\"https:\/\/de.chabad.org\/parshah\/article_cdo\/aid\/725523\/jewish\/Die-Frucht-des-fnften-Jahres.htm\" target=\"_blank\">Die Frucht des f\u00fcnften Jahres<\/a><\/strong> Von Dr. William Stern.\u00a0<em>Chabad<\/em><\/li><li><strong><a rel=\"noreferrer noopener\" href=\"https:\/\/de.chabad.org\/parshah\/article_cdo\/aid\/725524\/jewish\/Es-gibt-auch-einen-Irrglauben.htm\" target=\"_blank\">Es gibt auch einen Irrglauben<\/a><\/strong> Von Dr. William Stern.\u00a0<em>Chabad<\/em><\/li><li><strong><a rel=\"noreferrer noopener\" href=\"https:\/\/judentum.hagalil.com\/sidra-kedoschim\/\" target=\"_blank\">Deinen N\u00e4chsten lieben, wie dich selbst<\/a><\/strong> Von Nechama Leibowitz\u00a0<em>hagalil.com<\/em><\/li><li><a href=\"https:\/\/media.rabbisacks.org\/20220503170051\/GERMAN-Kedoshim.pdf\" target=\"_blank\" rel=\"noreferrer noopener\"><strong>Vom Priester zum Volk<\/strong> <img data-recalc-dims=\"1\" loading=\"lazy\" decoding=\"async\" width=\"24\" height=\"24\" class=\"wp-image-7992\" style=\"width: 24px;\" src=\"https:\/\/i0.wp.com\/www.talmud.de\/tlmd\/wp-content\/uploads\/2021\/10\/outline_picture_as_pdf_black_24dp.png?resize=24%2C24&#038;ssl=1\" alt=\"\"><\/a> \u00a0Von Rabbiner Lord Jonathan Sacks (sel. Ang.)\u00a0<em>rabbisacks.org<\/em><\/li><\/ul>\n\n\n\n<h2 class=\"wp-block-heading\">Haftarah<\/h2>\n\n\n\n<ul class=\"wp-block-list\"><li><em>War der Schabbat, an dem Acharei-Mot gelesen wurde, der Schabbat vor Pessach, dann wurde statt Acharej-Mot die Haftarah f\u00fcr den Schabbat HaGadol gelesen. In diesem Fall wird die Haftarah von Acharei-Mot am Schabbat Kedoschim gelesen.<\/em><\/li><li><em>War der Tag nach dem Schabbat, an dem <a href=\"https:\/\/www.talmud.de\/tlmd\/zum-wochenabschnitt-acharej-mot\/\" data-type=\"page\" data-id=\"8753\">Acharej-Mot<\/a> gelesen wurde, Rosch Chodesch Ijar, dann wurde diese Haftarah ersetzt durch die Haftarah Machar Chodesch. In diesem Fall wird nun die Haftarah von <a href=\"https:\/\/www.talmud.de\/tlmd\/zum-wochenabschnitt-acharej-mot\/\" data-type=\"page\" data-id=\"8753\">Acharei-Mot<\/a> am Schabbat Kedoschim gelesen.<\/em><\/li><li><em>Wenn Rosch Chodesch Ijjar mit Rosch Chodesch zusammenf\u00e4llt, dann wird die Haftarah f\u00fcr den <a href=\"https:\/\/www.talmud.de\/tlmd\/zum-schabbat-rosch-chodesch\/\" data-type=\"page\" data-id=\"8284\">Schabbat Rosch Chodesch<\/a> gelesen.<\/em><\/li><\/ul>\n\n\n\n<p><em>Sefardisch, Jemenitisch, Italienisch, Chabad<\/em> Jechezkel 20,2\u201320<br><em>Aschkenasisch, Frankfurt am Main<\/em> Jechezkel 22,1\u201316<br><em>Posen<\/em> Jechezkel 22,1\u201319<br><em>Romaniotisch<\/em> Jeschajahu 3,4\u20135,17<\/p>\n\n\n\n<div class=\"wp-block-group\"><div class=\"wp-block-group__inner-container is-layout-flow wp-block-group-is-layout-flow\">\n<div class=\"wp-block-columns is-layout-flex wp-container-core-columns-is-layout-1 wp-block-columns-is-layout-flex\">\n<div class=\"wp-block-column is-layout-flow wp-block-column-is-layout-flow\" style=\"flex-basis:33.33%\">\n<figure class=\"wp-block-image size-large\"><a href=\"https:\/\/www.talmud.de\/tlmd\/zum-wochenabschnitt\/\"><img data-recalc-dims=\"1\" loading=\"lazy\" decoding=\"async\" width=\"89\" height=\"81\" src=\"https:\/\/i0.wp.com\/www.talmud.de\/tlmd\/wp-content\/uploads\/2021\/03\/torah_rolle_80.png?resize=89%2C81&#038;ssl=1\" alt=\"\" class=\"wp-image-7253\"\/><\/a><\/figure>\n<\/div>\n\n\n\n<div class=\"wp-block-column is-layout-flow wp-block-column-is-layout-flow\" style=\"flex-basis:66.66%\">\n<p><a href=\"https:\/\/www.talmud.de\/tlmd\/zum-wochenabschnitt\/\"><img data-recalc-dims=\"1\" loading=\"lazy\" decoding=\"async\" width=\"33\" height=\"20\" class=\"wp-image-1962\" style=\"width: 33px;\" src=\"https:\/\/i0.wp.com\/www.talmud.de\/tlmd\/wp-content\/uploads\/2016\/02\/hand_talmudde.png?resize=33%2C20&#038;ssl=1\" alt=\"\"> <strong>Zur \u00dcbersicht \u00fcber die Wochenabschnitte<\/strong><\/a><\/p>\n<\/div>\n<\/div>\n\n\n\n<p><\/p>\n<\/div><\/div>\n","protected":false},"excerpt":{"rendered":"<p>Zusammenfassung WaJikra 19,1\u201320,27Der Abschnitt dieser Woche enth\u00e4lt Anweisungen an das gesamte Volk Israel, heilig zu sein in Gedanken, Worten und Taten. Unter anderem werden gefordert: Respekt vor Vater und Mutter, die Einhaltung des Schabbat, nicht G\u00f6tzen anzubeten, Ecken der Felder f\u00fcr Arme \u00fcbrigzulassen, nicht zu stehlen, Gerechtigkeit walten zu lassen, Fr\u00fcchte von jungen B\u00e4umen nicht zu verzehren, nicht auf Totenbeschw\u00f6rer und Zeichendeuter zu h\u00f6ren und mit Ma\u00dfen und Gewichten ehrlich umzugehen. Den Abschluss bilden Strafen f\u00fcr diejenigen, die verbotene sexuelle Beziehungen eingehen. Torahabschnitt Text des Wochenabschnitts (Deutsch) Text des Wochenabschnitts&nbsp;talmud.de \u00dcbersetzung auf Sefaria&nbsp;&nbsp;Hebr\u00e4isch-Deutsch Abschnitt im Tikkun&nbsp; Zum Wochenabschnitt Duales System Heiligkeit ist himmlisch festgelegt \u2013 doch kommt sie erst durch menschliches Verhalten zur Geltung Von Rabbiner Jaron Engelmayer J\u00fcdische Allgemeine \u00bbSeid heilig!\u00ab Warum sich der Mensch nicht geistig verunreinigen soll Von Rabbiner Israel Meir Levinger J\u00fcdische Allgemeine Der Weg zur Heiligkeit Von Dr. William Stern.\u00a0Chabad Die Frucht des f\u00fcnften Jahres Von Dr. William Stern.\u00a0Chabad Es gibt auch einen Irrglauben Von Dr. William Stern.\u00a0Chabad Deinen N\u00e4chsten lieben, wie dich selbst Von Nechama Leibowitz\u00a0hagalil.com Vom Priester zum &hellip;<\/p>\n","protected":false},"author":1,"featured_media":0,"parent":0,"menu_order":0,"comment_status":"closed","ping_status":"closed","template":"","meta":{"_themeisle_gutenberg_block_has_review":false,"footnotes":""},"class_list":["post-8777","page","type-page","status-publish","hentry"],"jetpack_sharing_enabled":true,"_links":{"self":[{"href":"https:\/\/www.talmud.de\/tlmd\/wp-json\/wp\/v2\/pages\/8777","targetHints":{"allow":["GET"]}}],"collection":[{"href":"https:\/\/www.talmud.de\/tlmd\/wp-json\/wp\/v2\/pages"}],"about":[{"href":"https:\/\/www.talmud.de\/tlmd\/wp-json\/wp\/v2\/types\/page"}],"author":[{"embeddable":true,"href":"https:\/\/www.talmud.de\/tlmd\/wp-json\/wp\/v2\/users\/1"}],"replies":[{"embeddable":true,"href":"https:\/\/www.talmud.de\/tlmd\/wp-json\/wp\/v2\/comments?post=8777"}],"version-history":[{"count":1,"href":"https:\/\/www.talmud.de\/tlmd\/wp-json\/wp\/v2\/pages\/8777\/revisions"}],"predecessor-version":[{"id":8832,"href":"https:\/\/www.talmud.de\/tlmd\/wp-json\/wp\/v2\/pages\/8777\/revisions\/8832"}],"wp:attachment":[{"href":"https:\/\/www.talmud.de\/tlmd\/wp-json\/wp\/v2\/media?parent=8777"}],"curies":[{"name":"wp","href":"https:\/\/api.w.org\/{rel}","templated":true}]}}