{"id":8821,"date":"2022-05-04T10:50:42","date_gmt":"2022-05-04T08:50:42","guid":{"rendered":"https:\/\/www.talmud.de\/tlmd\/?page_id=8821"},"modified":"2022-05-04T10:50:44","modified_gmt":"2022-05-04T08:50:44","slug":"juedischer-alltag","status":"publish","type":"page","link":"https:\/\/www.talmud.de\/tlmd\/juedischer-alltag\/","title":{"rendered":"J\u00fcdischer Alltag"},"content":{"rendered":"\n<blockquote class=\"wp-block-quote is-layout-flow wp-block-quote-is-layout-flow\"><p><em>Dies ist die Satzung der Lehre (hei\u00dft es in Numeri 19,2), weil der Ankl\u00e4ger und die V\u00f6lker der Welt Israel verh\u00f6hnen, denn sie sagen, was bedeutet dies Gebot, und welche Begr\u00fcndung hat es? Darum schreibt er dabei Satzung: es ist ein Gesetz von mir, und du hast nicht das Recht, dagegen Einw\u00e4nde zu machen.<\/em><\/p><cite><em>Raschi zu Numeri 19: 2<\/em><\/cite><\/blockquote>\n\n\n\n<ul class=\"wp-block-list\"><li><a href=\"https:\/\/www.talmud.de\/tlmd\/kaschrut-was-ist-koscher\/\"><strong>Kaschrut \u2013 Was ist koscher?<\/strong><\/a><\/li><li><strong><a href=\"https:\/\/www.talmud.de\/tlmd\/siddur-gebetbuch\/\">Siddur, Gebete, Teffilot<\/a> <\/strong><br>J\u00fcdische Gebete, Texte dazu und Anleitungen <\/li><li><a href=\"https:\/\/www.talmud.de\/tlmd\/halachah\/\"><strong>Halachah<\/strong> <\/a><br>Halachische Diskussionen und Entscheidungen Was ist ein Eruw? Moderne Responsen etc.<\/li><li><strong><a href=\"https:\/\/www.talmud.de\/tlmd\/category\/juedischer-alltag\/sexualitaet\/\">Judentum und Sexualit\u00e4t<\/a><\/strong><\/li><li><strong><a href=\"https:\/\/www.talmud.de\/tlmd\/category\/juedischer-alltag\/geschaeftsethik\/\">Gesch\u00e4ftsethik<\/a><\/strong><\/li><\/ul>\n","protected":false},"excerpt":{"rendered":"<p>Dies ist die Satzung der Lehre (hei\u00dft es in Numeri 19,2), weil der Ankl\u00e4ger und die V\u00f6lker der Welt Israel verh\u00f6hnen, denn sie sagen, was bedeutet dies Gebot, und welche Begr\u00fcndung hat es? Darum schreibt er dabei Satzung: es ist ein Gesetz von mir, und du hast nicht das Recht, dagegen Einw\u00e4nde zu machen. Raschi zu Numeri 19: 2 Kaschrut \u2013 Was ist koscher? Siddur, Gebete, Teffilot J\u00fcdische Gebete, Texte dazu und Anleitungen Halachah Halachische Diskussionen und Entscheidungen Was ist ein Eruw? Moderne Responsen etc. Judentum und Sexualit\u00e4t Gesch\u00e4ftsethik<\/p>\n","protected":false},"author":1,"featured_media":0,"parent":0,"menu_order":0,"comment_status":"closed","ping_status":"closed","template":"","meta":{"_themeisle_gutenberg_block_has_review":false,"footnotes":""},"class_list":["post-8821","page","type-page","status-publish","hentry"],"jetpack_sharing_enabled":true,"_links":{"self":[{"href":"https:\/\/www.talmud.de\/tlmd\/wp-json\/wp\/v2\/pages\/8821","targetHints":{"allow":["GET"]}}],"collection":[{"href":"https:\/\/www.talmud.de\/tlmd\/wp-json\/wp\/v2\/pages"}],"about":[{"href":"https:\/\/www.talmud.de\/tlmd\/wp-json\/wp\/v2\/types\/page"}],"author":[{"embeddable":true,"href":"https:\/\/www.talmud.de\/tlmd\/wp-json\/wp\/v2\/users\/1"}],"replies":[{"embeddable":true,"href":"https:\/\/www.talmud.de\/tlmd\/wp-json\/wp\/v2\/comments?post=8821"}],"version-history":[{"count":1,"href":"https:\/\/www.talmud.de\/tlmd\/wp-json\/wp\/v2\/pages\/8821\/revisions"}],"predecessor-version":[{"id":8822,"href":"https:\/\/www.talmud.de\/tlmd\/wp-json\/wp\/v2\/pages\/8821\/revisions\/8822"}],"wp:attachment":[{"href":"https:\/\/www.talmud.de\/tlmd\/wp-json\/wp\/v2\/media?parent=8821"}],"curies":[{"name":"wp","href":"https:\/\/api.w.org\/{rel}","templated":true}]}}