{"id":8825,"date":"2022-05-04T14:49:04","date_gmt":"2022-05-04T12:49:04","guid":{"rendered":"https:\/\/www.talmud.de\/tlmd\/?page_id=8825"},"modified":"2022-05-04T14:49:06","modified_gmt":"2022-05-04T12:49:06","slug":"feiertage-und-feste","status":"publish","type":"page","link":"https:\/\/www.talmud.de\/tlmd\/feiertage-und-feste\/","title":{"rendered":"Feiertage und Feste"},"content":{"rendered":"\n<blockquote class=\"wp-block-quote is-layout-flow wp-block-quote-is-layout-flow\"><p>Rabbi Elieser sagte: An einem Feiertag kann ein Mensch entweder essen und trinken oder dasitzen und studieren. Rabbi Josua sagte: Er sollte den Tag einteilen und die eine H\u00e4lfte dem Essen und Trinken, die andere H\u00e4lfte dem Schulhaus widmen. Und Rabbi Johanan sagte: Beide (also Rabbi Elieser und Rabbi Josua) haben die Schrift ausgelegt. Ein Vers sagt: \u201eEine Festversammlung dem Ewigen, deinem G-tt\u201c (Deut. 16:8). Ein anderer Vers sagt: \u201eEine Festversammlung soll euch sein.\u201c (Num. 29:35). Rabbi Elieser befand, dass der Tag entweder ganz und gar \u201ef\u00fcr den Ewigen\u201c oder ganz und gar \u201ef\u00fcr euch\u201c sein sollte. Und Rabbi Josua befand, dass er unterteilt werden sollte, zur H\u00e4lfte \u201ef\u00fcr den Ewigen\u201c und zur anderen H\u00e4lfte \u201ef\u00fcr euch\u201c.<\/p><cite>Talmud Bavli Pessachim 68b<\/cite><\/blockquote>\n\n\n\n<figure class=\"wp-block-image size-large\"><a href=\"https:\/\/i0.wp.com\/www.talmud.de\/tlmd\/wp-content\/uploads\/2022\/05\/luach.jpg?ssl=1\"><img data-recalc-dims=\"1\" loading=\"lazy\" decoding=\"async\" width=\"840\" height=\"560\" src=\"https:\/\/i0.wp.com\/www.talmud.de\/tlmd\/wp-content\/uploads\/2022\/05\/luach.jpg?resize=840%2C560&#038;ssl=1\" alt=\"\" class=\"wp-image-8828\" srcset=\"https:\/\/i0.wp.com\/www.talmud.de\/tlmd\/wp-content\/uploads\/2022\/05\/luach.jpg?resize=1024%2C683&amp;ssl=1 1024w, https:\/\/i0.wp.com\/www.talmud.de\/tlmd\/wp-content\/uploads\/2022\/05\/luach.jpg?resize=300%2C200&amp;ssl=1 300w, https:\/\/i0.wp.com\/www.talmud.de\/tlmd\/wp-content\/uploads\/2022\/05\/luach.jpg?resize=768%2C512&amp;ssl=1 768w, https:\/\/i0.wp.com\/www.talmud.de\/tlmd\/wp-content\/uploads\/2022\/05\/luach.jpg?resize=840%2C560&amp;ssl=1 840w, https:\/\/i0.wp.com\/www.talmud.de\/tlmd\/wp-content\/uploads\/2022\/05\/luach.jpg?w=1200&amp;ssl=1 1200w\" sizes=\"auto, (max-width: 840px) 100vw, 840px\" \/><\/a><\/figure>\n\n\n\n<p>J\u00fcdische Feiertage, Festzeiten, Fasttage und der j\u00fcdische Kalender. Auch der Schabbat geh\u00f6rt unter die Kategorie \u00bbFeiertage\u00ab.<\/p>\n\n\n\n<ul class=\"wp-block-list\"><li><a href=\"https:\/\/www.talmud.de\/tlmd\/category\/feiertage-und-feste\/dasjahr\/\"><strong>Kalender<\/strong><\/a><br>Informationen zum j\u00fcdischen Kalender und zu halachischen Zeiten | Eine vollst\u00e4ndige \u00dcbersicht \u00fcber das j\u00fcdische Jahr gibt \u00bb<a href=\"https:\/\/www.talmud.de\/tlmd\/der-juedische-jahreszyklus\/\">Der j\u00fcdische Jahreszyklus<\/a>\u00ab<\/li><li><strong><a href=\"https:\/\/www.talmud.de\/tlmd\/der-schabbat\/\">Der Schabbat<\/a> <br><\/strong>Informationen, Texte und Gebete zum Thema Schabbat<\/li><li><strong><a href=\"https:\/\/www.talmud.de\/tlmd\/rosch-chodesch\/\">Rosch Chodesch<\/a><br><\/strong>Informationen, Texte und Gebete zu <em>Rosch Chodesch<\/em>, den Beginn eines j\u00fcdischen Monats<\/li><li><strong><a href=\"https:\/\/www.talmud.de\/tlmd\/rosch-haschanah\/\">Rosch haSchanah<\/a><br><\/strong>Informationen, Texte und Gebete zu Rosch haSchanah \u2013 den Beginn eines neuen Jahres (unter anderem)<\/li><li><strong><a href=\"https:\/\/www.talmud.de\/tlmd\/jom-kippur\/\">Jom Kippur<\/a><br><\/strong>Informationen und Texte zum Jom Kippur<\/li><li><a href=\"https:\/\/www.talmud.de\/tlmd\/sukkot\/\"><strong>Sukkot<\/strong><\/a><br>Informationen, Texte und Gebete zu, im deutschsprachigen Bereich auch h\u00e4ufig \u00bbLaubh\u00fcttenfest\u00ab genannt.<\/li><li><a href=\"https:\/\/www.talmud.de\/tlmd\/schemini-atzeret\/\"><strong>Schemini Atzeret<\/strong><\/a><br>Informationen, Texte und Gebete zu Schemini Atzeret<\/li><li><a href=\"https:\/\/www.talmud.de\/tlmd\/category\/feiertage-und-feste\/simchat-torah\/\"><strong>Simchat Torah<\/strong><\/a><br>Informationen, Texte und Gebete zu Simchat Torah<\/li><li><a href=\"https:\/\/www.talmud.de\/tlmd\/chanukkah\/\"><strong>Chanukkah<\/strong><\/a><br>Informationen, Texte und Gebete zu Chanukkah-Fest<\/li><li><a href=\"https:\/\/www.talmud.de\/tlmd\/category\/feiertage-und-feste\/tu-bischwat\/\"><strong>Tu BiSchwat<\/strong><\/a><br>Informationen und Texte zu Tu BiSchwat<\/li><li><a href=\"https:\/\/www.talmud.de\/tlmd\/purim-das-purimfest\/\"><strong>Purim \u2013 das Purimfest<\/strong><\/a><br>Informationen, Texte und Gebete zu Purim<\/li><li><a href=\"https:\/\/www.talmud.de\/tlmd\/pessach\/\"><strong>Pessach<\/strong><\/a><br>Informationen, Texte und Gebete zum Pessach-Fest. Auch verschiedene Texte einer Haggadah kann man hier finden.<\/li><li><a href=\"https:\/\/www.talmud.de\/tlmd\/category\/feiertage-und-feste\/omerzeit\/\"><strong>Omerzeit<\/strong><\/a><br>Informationen, Texte und Gebete zur Omerzeit und zur Omerz\u00e4hlung<\/li><li><a href=\"http:\/\/www.talmud.de\/tlmd\/gebete-fuer-jom-haatzmaut\/\"><strong>Jom ha\u2019atzmaut<\/strong><\/a><br>Informationen, Texte und Gebete zu Jom ha&#8217;atzmaut<\/li><li><a href=\"https:\/\/www.talmud.de\/tlmd\/schawuot\/\"><strong>Schawuot<\/strong><\/a><br>Informationen, Texte und Gebete zu Schawuot<\/li><li><strong><a href=\"https:\/\/www.talmud.de\/tlmd\/tischa-beaw\/\">Tischa beAw<\/a><br><\/strong>Informationen, Texte und Gebete zu Tischa beAw<\/li><li><a href=\"https:\/\/www.talmud.de\/tlmd\/juedische-fasttage\/\"><strong>Fasttage<\/strong><\/a><br>Informationen, Texte und Gebete zu verschiedenen Fasttagen<\/li><\/ul>\n","protected":false},"excerpt":{"rendered":"<p>Rabbi Elieser sagte: An einem Feiertag kann ein Mensch entweder essen und trinken oder dasitzen und studieren. Rabbi Josua sagte: Er sollte den Tag einteilen und die eine H\u00e4lfte dem Essen und Trinken, die andere H\u00e4lfte dem Schulhaus widmen. Und Rabbi Johanan sagte: Beide (also Rabbi Elieser und Rabbi Josua) haben die Schrift ausgelegt. Ein Vers sagt: \u201eEine Festversammlung dem Ewigen, deinem G-tt\u201c (Deut. 16:8). Ein anderer Vers sagt: \u201eEine Festversammlung soll euch sein.\u201c (Num. 29:35). Rabbi Elieser befand, dass der Tag entweder ganz und gar \u201ef\u00fcr den Ewigen\u201c oder ganz und gar \u201ef\u00fcr euch\u201c sein sollte. Und Rabbi Josua befand, dass er unterteilt werden sollte, zur H\u00e4lfte \u201ef\u00fcr den Ewigen\u201c und zur anderen H\u00e4lfte \u201ef\u00fcr euch\u201c. Talmud Bavli Pessachim 68b J\u00fcdische Feiertage, Festzeiten, Fasttage und der j\u00fcdische Kalender. Auch der Schabbat geh\u00f6rt unter die Kategorie \u00bbFeiertage\u00ab. KalenderInformationen zum j\u00fcdischen Kalender und zu halachischen Zeiten | Eine vollst\u00e4ndige \u00dcbersicht \u00fcber das j\u00fcdische Jahr gibt \u00bbDer j\u00fcdische Jahreszyklus\u00ab Der Schabbat Informationen, Texte und Gebete zum Thema Schabbat Rosch ChodeschInformationen, Texte und Gebete zu Rosch Chodesch, den &hellip;<\/p>\n","protected":false},"author":1,"featured_media":0,"parent":0,"menu_order":0,"comment_status":"closed","ping_status":"closed","template":"","meta":{"_themeisle_gutenberg_block_has_review":false,"footnotes":""},"class_list":["post-8825","page","type-page","status-publish","hentry"],"jetpack_sharing_enabled":true,"_links":{"self":[{"href":"https:\/\/www.talmud.de\/tlmd\/wp-json\/wp\/v2\/pages\/8825","targetHints":{"allow":["GET"]}}],"collection":[{"href":"https:\/\/www.talmud.de\/tlmd\/wp-json\/wp\/v2\/pages"}],"about":[{"href":"https:\/\/www.talmud.de\/tlmd\/wp-json\/wp\/v2\/types\/page"}],"author":[{"embeddable":true,"href":"https:\/\/www.talmud.de\/tlmd\/wp-json\/wp\/v2\/users\/1"}],"replies":[{"embeddable":true,"href":"https:\/\/www.talmud.de\/tlmd\/wp-json\/wp\/v2\/comments?post=8825"}],"version-history":[{"count":2,"href":"https:\/\/www.talmud.de\/tlmd\/wp-json\/wp\/v2\/pages\/8825\/revisions"}],"predecessor-version":[{"id":8829,"href":"https:\/\/www.talmud.de\/tlmd\/wp-json\/wp\/v2\/pages\/8825\/revisions\/8829"}],"wp:attachment":[{"href":"https:\/\/www.talmud.de\/tlmd\/wp-json\/wp\/v2\/media?parent=8825"}],"curies":[{"name":"wp","href":"https:\/\/api.w.org\/{rel}","templated":true}]}}