{"id":8923,"date":"2022-05-12T07:54:17","date_gmt":"2022-05-12T05:54:17","guid":{"rendered":"https:\/\/www.talmud.de\/tlmd\/?page_id=8923"},"modified":"2022-05-12T07:54:19","modified_gmt":"2022-05-12T05:54:19","slug":"zum-wochenabschnitt-emor","status":"publish","type":"page","link":"https:\/\/www.talmud.de\/tlmd\/zum-wochenabschnitt-emor\/","title":{"rendered":"Zum Wochenabschnitt Emor"},"content":{"rendered":"\n<h2 class=\"wp-block-heading\">Zusammenfassung<\/h2>\n\n\n\n<p><em>WaJikra <\/em>21,1\u201324,23<br>Am Anfang der Paraschah dieser Woche stehen Verhaltensregeln f\u00fcr die Priester (<em>Kohanim<\/em>) und ihre Nachkommen und wie die Opfertiere beschaffen sein m\u00fcssen. Es werden kalendarische Angaben zu den Feiertagen gemacht: <em>Schabbat<\/em>, <em>Rosch haSchanah<\/em>, <em>Jom Kippur<\/em> und die Pilgerfeste <em>Pessach<\/em>, <em>Schawuot <\/em>und <em>Sukkot <\/em>werden festgelegt. G-tt teilt mit, dass f\u00fcr die Menorah im Heiligtum nur reines Oliven\u00f6l verwendet werden darf und wie die \u00bbSchaubrote\u00ab im Heiligtum beschaffen sein m\u00fcssen. Am Ende des Wochenabschnitts wird erz\u00e4hlt, wie ein Mann den G-ttesnamen ausspricht und f\u00fcr dieses Vergehen mit dem Tode bestraft wird. Daran anschlie\u00dfend werden einige Gesetze bez\u00fcglich Mordes und Schadenersatz wiederholt.<\/p>\n\n\n\n<h2 class=\"wp-block-heading\">Torahabschnitt<\/h2>\n\n\n\n<ul class=\"wp-block-list\"><li><a href=\"https:\/\/www.talmud.de\/tlmd\/die-torah-eine-deutsche-uebersetzung\/die-torah-emor\/\"><strong>Text des Wochenabschnitts (Deutsch)<\/strong><\/a><\/li><li><strong><a rel=\"noreferrer noopener\" href=\"https:\/\/www.sefaria.org\/Leviticus.21.1?ven=Die_Heilige_Schrift,_trans._Dr._Simon_Bernfeld,_Berlin,_1902_-_German_[de]&amp;lang=bi&amp;aliyot=1\" target=\"_blank\">Text des Wochenabschnitts<\/a><\/strong>\u00a0talmud.de \u00dcbersetzung auf Sefaria\u00a0<img loading=\"lazy\" decoding=\"async\" width=\"20\" height=\"24\" src=\"https:\/\/i2.wp.com\/www.talmud.de\/tlmd\/wp-content\/uploads\/2021\/08\/sefaria_klein.png?resize=20%2C24&amp;ssl=1\" alt=\"Sefaria Logo\">\u00a0Hebr\u00e4isch-Deutsch<\/li><li><strong><a rel=\"noreferrer noopener\" href=\"https:\/\/tikkun.io\/#\/p\/emor\" target=\"_blank\">Abschnitt im Tikkun<\/a><\/strong>\u00a0<img loading=\"lazy\" decoding=\"async\" width=\"41\" height=\"28\" src=\"https:\/\/i1.wp.com\/www.talmud.de\/tlmd\/wp-content\/uploads\/2020\/06\/tikkun_online_schriftwechsel.png?resize=41%2C28&amp;ssl=1\" alt=\"\"><\/li><\/ul>\n\n\n\n<h2 class=\"wp-block-heading\">Zum Wochenabschnitt<\/h2>\n\n\n\n<ul class=\"wp-block-list\"><li><strong><a rel=\"noreferrer noopener\" href=\"https:\/\/www.juedische-allgemeine.de\/religion\/erinnerung-an-den-tempel\/\" target=\"_blank\">Erinnerung an den Tempel<\/a><\/strong> Warum in der Tora die Gebote der Nachlese mitten in der Auflistung der Feiertage stehen Von Rabbiner Baruch Babev <em>J\u00fcdische Allgemeine<\/em><\/li><li><strong><a rel=\"noreferrer noopener\" href=\"https:\/\/www.juedische-allgemeine.de\/religion\/jeder-hat-seinen-ort\/\" target=\"_blank\">Jeder hat seinen Ort<\/a><\/strong> Der Mensch soll sich dem verschreiben, was der Ewige f\u00fcr ihn vorgesehen hat Von Rabbiner David Kern\u00a0<em>J\u00fcdische Allgemeine<\/em><\/li><li><strong><a rel=\"noreferrer noopener\" href=\"https:\/\/www.juedische-allgemeine.de\/religion\/die-folgen-des-fluchs\/\" target=\"_blank\">Die Folgen des Fluchs<\/a><\/strong> Ein Mann muss au\u00dferhalb der Gesellschaft leben \u2212 aus Verbitterung l\u00e4stert er \u00fcber Gott und wird gesteinigt Von Beni Frenkel\u00a0<em>J\u00fcdische Allgemeine<\/em><\/li><li><strong><a rel=\"noreferrer noopener\" href=\"https:\/\/www.juedische-allgemeine.de\/religion\/macht-der-worte\/\" target=\"_blank\">Macht der Worte<\/a><\/strong> Warum die Tora ganz bewusst zwischen \u00bbsagen\u00ab und \u00bbsprechen\u00ab unterscheidet Von Rabbiner Jehoschua Ahrens\u00a0<em>J\u00fcdische Allgemeine<\/em><\/li><li><strong><a rel=\"noreferrer noopener\" href=\"https:\/\/www.juedische-allgemeine.de\/religion\/die-wahrheit-verbreiten\/\" target=\"_blank\">Die Wahrheit verbreiten<\/a><\/strong> Awraham, Jizchak und Jakow waren bereit, in schwierigen Lebenslagen den Namen des Ewigen zu heiligen Von Nehorai Daus\u00a0<em>J\u00fcdische Allgemeine<\/em><\/li><li><strong><a rel=\"noreferrer noopener\" href=\"https:\/\/de.chabad.org\/parshah\/article_cdo\/aid\/674123\/jewish\/Von-der-Nchstenliebe.htm\" target=\"_blank\">Von der N\u00e4chstenliebe<\/a><\/strong> Von Dr. William Stern.\u00a0<em>Chabad<\/em><\/li><li><strong><a rel=\"noreferrer noopener\" href=\"https:\/\/de.chabad.org\/parshah\/article_cdo\/aid\/674124\/jewish\/Unsere-unerlssliche-Arbeit.htm\" target=\"_blank\">Unsere unerl\u00e4ssliche<\/a> <a rel=\"noreferrer noopener\" href=\"https:\/\/de.chabad.org\/parshah\/article_cdo\/aid\/674124\/jewish\/Unsere-unerlssliche-Arbeit.htm\" target=\"_blank\">Arbeit<\/a><\/strong> Von Dr. William Stern.\u00a0<em>Chabad<\/em><\/li><li><strong><a href=\"https:\/\/de.chabad.org\/parshah\/article_cdo\/aid\/674125\/jewish\/Ein-Jahr-wie-der-Schabbat.htm\">Ein Jahr wie der Schabbat<\/a><\/strong> Von Dr. William Stern.\u00a0<em>Chabad<\/em><\/li><li><strong><a rel=\"noreferrer noopener\" href=\"https:\/\/judentum.hagalil.com\/sidrath-emor\/\" target=\"_blank\">Auge um Auge<\/a><\/strong> Von Nechama Leibowitz <em>hagalil.com<\/em><\/li><li><a href=\"https:\/\/media.rabbisacks.org\/20220511115945\/German-Emor.pdf\" target=\"_blank\" rel=\"noreferrer noopener\"><strong>Heiligung des Namens<\/strong> <img data-recalc-dims=\"1\" loading=\"lazy\" decoding=\"async\" width=\"24\" height=\"24\" class=\"wp-image-7992\" style=\"width: 24px;\" src=\"https:\/\/i0.wp.com\/www.talmud.de\/tlmd\/wp-content\/uploads\/2021\/10\/outline_picture_as_pdf_black_24dp.png?resize=24%2C24&#038;ssl=1\" alt=\"\"><\/a> Von Rabbiner Lord Jonathan Sacks (sel. Ang.)\u00a0<em>rabbisacks.org<\/em><\/li><li><a href=\"https:\/\/media.rabbisacks.org\/20210706224944\/German-Emor-5781.pdf\" target=\"_blank\" rel=\"noreferrer noopener\"><strong>Keine Angst vor Gr\u00f6\u00dfe<\/strong> <img data-recalc-dims=\"1\" loading=\"lazy\" decoding=\"async\" width=\"24\" height=\"24\" class=\"wp-image-7992\" style=\"width: 24px;\" src=\"https:\/\/i0.wp.com\/www.talmud.de\/tlmd\/wp-content\/uploads\/2021\/10\/outline_picture_as_pdf_black_24dp.png?resize=24%2C24&#038;ssl=1\" alt=\"\"><\/a> Von Rabbiner Lord Jonathan Sacks (sel. Ang.)\u00a0<em>rabbisacks.org<\/em><\/li><\/ul>\n\n\n\n<h2 class=\"wp-block-heading\">Haftarah<\/h2>\n\n\n\n<p><em>Nahezu alle Minhagim<\/em>: Jechezkiel 44,15 \u2013 44,31<\/p>\n\n\n\n<div class=\"wp-block-group\"><div class=\"wp-block-group__inner-container is-layout-flow wp-block-group-is-layout-flow\">\n<div class=\"wp-block-columns is-layout-flex wp-container-core-columns-is-layout-1 wp-block-columns-is-layout-flex\">\n<div class=\"wp-block-column is-layout-flow wp-block-column-is-layout-flow\" style=\"flex-basis:33.33%\">\n<figure class=\"wp-block-image size-large\"><a href=\"https:\/\/www.talmud.de\/tlmd\/zum-wochenabschnitt\/\"><img data-recalc-dims=\"1\" loading=\"lazy\" decoding=\"async\" width=\"89\" height=\"81\" src=\"https:\/\/i0.wp.com\/www.talmud.de\/tlmd\/wp-content\/uploads\/2021\/03\/torah_rolle_80.png?resize=89%2C81&#038;ssl=1\" alt=\"\" class=\"wp-image-7253\"\/><\/a><\/figure>\n<\/div>\n\n\n\n<div class=\"wp-block-column is-layout-flow wp-block-column-is-layout-flow\" style=\"flex-basis:66.66%\">\n<p><a href=\"https:\/\/www.talmud.de\/tlmd\/zum-wochenabschnitt\/\"><img data-recalc-dims=\"1\" loading=\"lazy\" decoding=\"async\" width=\"33\" height=\"20\" class=\"wp-image-1962\" style=\"width: 33px;\" src=\"https:\/\/i0.wp.com\/www.talmud.de\/tlmd\/wp-content\/uploads\/2016\/02\/hand_talmudde.png?resize=33%2C20&#038;ssl=1\" alt=\"\"> <strong>Zur \u00dcbersicht \u00fcber die Wochenabschnitte<\/strong><\/a><\/p>\n<\/div>\n<\/div>\n\n\n\n<p><\/p>\n<\/div><\/div>\n","protected":false},"excerpt":{"rendered":"<p>Zusammenfassung WaJikra 21,1\u201324,23Am Anfang der Paraschah dieser Woche stehen Verhaltensregeln f\u00fcr die Priester (Kohanim) und ihre Nachkommen und wie die Opfertiere beschaffen sein m\u00fcssen. Es werden kalendarische Angaben zu den Feiertagen gemacht: Schabbat, Rosch haSchanah, Jom Kippur und die Pilgerfeste Pessach, Schawuot und Sukkot werden festgelegt. G-tt teilt mit, dass f\u00fcr die Menorah im Heiligtum nur reines Oliven\u00f6l verwendet werden darf und wie die \u00bbSchaubrote\u00ab im Heiligtum beschaffen sein m\u00fcssen. Am Ende des Wochenabschnitts wird erz\u00e4hlt, wie ein Mann den G-ttesnamen ausspricht und f\u00fcr dieses Vergehen mit dem Tode bestraft wird. Daran anschlie\u00dfend werden einige Gesetze bez\u00fcglich Mordes und Schadenersatz wiederholt. Torahabschnitt Text des Wochenabschnitts (Deutsch) Text des Wochenabschnitts\u00a0talmud.de \u00dcbersetzung auf Sefaria\u00a0\u00a0Hebr\u00e4isch-Deutsch Abschnitt im Tikkun\u00a0 Zum Wochenabschnitt Erinnerung an den Tempel Warum in der Tora die Gebote der Nachlese mitten in der Auflistung der Feiertage stehen Von Rabbiner Baruch Babev J\u00fcdische Allgemeine Jeder hat seinen Ort Der Mensch soll sich dem verschreiben, was der Ewige f\u00fcr ihn vorgesehen hat Von Rabbiner David Kern\u00a0J\u00fcdische Allgemeine Die Folgen des Fluchs Ein Mann muss au\u00dferhalb der Gesellschaft leben &hellip;<\/p>\n","protected":false},"author":1,"featured_media":7257,"parent":0,"menu_order":0,"comment_status":"closed","ping_status":"closed","template":"","meta":{"_themeisle_gutenberg_block_has_review":false,"footnotes":""},"class_list":["post-8923","page","type-page","status-publish","has-post-thumbnail","hentry"],"jetpack_sharing_enabled":true,"_links":{"self":[{"href":"https:\/\/www.talmud.de\/tlmd\/wp-json\/wp\/v2\/pages\/8923","targetHints":{"allow":["GET"]}}],"collection":[{"href":"https:\/\/www.talmud.de\/tlmd\/wp-json\/wp\/v2\/pages"}],"about":[{"href":"https:\/\/www.talmud.de\/tlmd\/wp-json\/wp\/v2\/types\/page"}],"author":[{"embeddable":true,"href":"https:\/\/www.talmud.de\/tlmd\/wp-json\/wp\/v2\/users\/1"}],"replies":[{"embeddable":true,"href":"https:\/\/www.talmud.de\/tlmd\/wp-json\/wp\/v2\/comments?post=8923"}],"version-history":[{"count":1,"href":"https:\/\/www.talmud.de\/tlmd\/wp-json\/wp\/v2\/pages\/8923\/revisions"}],"predecessor-version":[{"id":8924,"href":"https:\/\/www.talmud.de\/tlmd\/wp-json\/wp\/v2\/pages\/8923\/revisions\/8924"}],"wp:featuredmedia":[{"embeddable":true,"href":"https:\/\/www.talmud.de\/tlmd\/wp-json\/wp\/v2\/media\/7257"}],"wp:attachment":[{"href":"https:\/\/www.talmud.de\/tlmd\/wp-json\/wp\/v2\/media?parent=8923"}],"curies":[{"name":"wp","href":"https:\/\/api.w.org\/{rel}","templated":true}]}}