{"id":8938,"date":"2022-05-16T09:55:23","date_gmt":"2022-05-16T07:55:23","guid":{"rendered":"https:\/\/www.talmud.de\/tlmd\/?page_id=8938"},"modified":"2022-05-16T14:30:13","modified_gmt":"2022-05-16T12:30:13","slug":"zum-wochenabschnitt-behar","status":"publish","type":"page","link":"https:\/\/www.talmud.de\/tlmd\/zum-wochenabschnitt-behar\/","title":{"rendered":"Zum Wochenabschnitt Behar"},"content":{"rendered":"\n<h2 class=\"wp-block-heading\">Zusammfassung<\/h2>\n\n\n\n<p><em>WaJikra <\/em>25,1\u201326,2<br>Der Wochenabschnitt dieser Woche f\u00fchrt das Erlass- und das Joweljahr ein. Das Erlassjahr solle alle sieben Jahre sein, das Joweljahr alle f\u00fcnfzig Jahre. Im Erlassjahr (oder Schabbatjahr) soll ein Feld nicht landwirtschaftlich genutzt werden. Im Joweljahr soll verkauftes Land an seine urspr\u00fcnglichen Besitzer zur\u00fcckgegeben werden, Sklaven m\u00fcssen freigelassen werden und auch dieses Jahr ist ein Jahr, in dem Felder brachzuliegen haben. Armen soll mit dem zinsfreien Verleih von Geld geholfen werden k\u00f6nnen. Zum Abschluss wird davor gewarnt, G\u00f6tzen zu dienen.<\/p>\n\n\n\n<h2 class=\"wp-block-heading\">Torahabschnitt<\/h2>\n\n\n\n<ul class=\"wp-block-list\"><li><a href=\"https:\/\/www.talmud.de\/tlmd\/die-torah-eine-deutsche-uebersetzung\/die-torah-behar\/\"><strong>Text des Wochenabschnitts (Deutsch)<\/strong><\/a><\/li><li><strong><a href=\"https:\/\/www.sefaria.org\/Leviticus.25.1?ven=Die_Heilige_Schrift,_trans._Dr._Simon_Bernfeld,_Berlin,_1902_-_German_[de]&amp;lang=bi&amp;aliyot=1\" target=\"_blank\" rel=\"noreferrer noopener\">Text des Wochenabschnitts<\/a><\/strong>&nbsp;talmud.de \u00dcbersetzung auf Sefaria&nbsp;<img loading=\"lazy\" decoding=\"async\" width=\"20\" height=\"24\" src=\"https:\/\/i2.wp.com\/www.talmud.de\/tlmd\/wp-content\/uploads\/2021\/08\/sefaria_klein.png?resize=20%2C24&amp;ssl=1\" alt=\"Sefaria Logo\">&nbsp;Hebr\u00e4isch-Deutsch<\/li><li><strong><a href=\"https:\/\/tikkun.io\/#\/p\/behar\" target=\"_blank\" rel=\"noreferrer noopener\">Abschnitt im Tikkun<\/a><\/strong>&nbsp;<img loading=\"lazy\" decoding=\"async\" width=\"41\" height=\"28\" src=\"https:\/\/i1.wp.com\/www.talmud.de\/tlmd\/wp-content\/uploads\/2020\/06\/tikkun_online_schriftwechsel.png?resize=41%2C28&amp;ssl=1\" alt=\"\"><\/li><\/ul>\n\n\n\n<h2 class=\"wp-block-heading\">Zum Wochenabschnitt<\/h2>\n\n\n\n<ul class=\"wp-block-list\"><li><strong><a rel=\"noreferrer noopener\" href=\"https:\/\/www.juedische-allgemeine.de\/religion\/fairer-handel\/\" target=\"_blank\">Fairer Handel<\/a><\/strong> Die Tora verbietet es, andere bei einem Gesch\u00e4ft zu \u00fcbervorteilen Von Rabbiner  Joel Berger&nbsp;<em>J\u00fcdische Allgemeine<\/em><\/li><li><strong><a rel=\"noreferrer noopener\" href=\"https:\/\/www.juedische-allgemeine.de\/religion\/halachische-tricks\/\" target=\"_blank\">Halachische Tricks<\/a><\/strong> Wie man mit kreativen Ideen die Mizwot einhalten kann Von Rabbiner David Bollag&nbsp;<em>J\u00fcdische Allgemeine<\/em><\/li><li><strong><a rel=\"noreferrer noopener\" href=\"https:\/\/www.juedische-allgemeine.de\/allgemein\/dreiklang\/\" target=\"_blank\">Dreiklang<\/a><\/strong> Warum das Volk Israel, das Land und die Tora miteinander verbunden sind Von Mordechai Bohrer&nbsp;<em>J\u00fcdische Allgemeine<\/em><\/li><li><strong><a href=\"https:\/\/www.juedische-allgemeine.de\/religion\/zwoelf-monate-pause\/\" target=\"_blank\" rel=\"noreferrer noopener\">Zw\u00f6lf Monate Pause<\/a><\/strong> Wie praktikabel ist das Schabbatjahr? Fragen an eine halachische Institution Von Rabbiner Walter Rothschild&nbsp;<em>J\u00fcdische Allgemeine<\/em><\/li><li><strong><a rel=\"noreferrer noopener\" href=\"https:\/\/de.chabad.org\/parshah\/article_cdo\/aid\/529328\/jewish\/Der-Schmitta-Aspekt-von-Erziehung.htm\" target=\"_blank\">Der \u00bbSchmitta\u00ab &#8211; Aspekt von Erziehung<\/a><\/strong> Von Dr. William Stern.&nbsp;<em>Chabad<\/em><\/li><li><strong><a rel=\"noreferrer noopener\" href=\"https:\/\/de.chabad.org\/parshah\/article_cdo\/aid\/674695\/jewish\/Schuldner-G-ttes.htm\" target=\"_blank\">\u00bbSchuldner\u00ab G-ttes<\/a> <\/strong>Von Dr. William Stern.&nbsp;<em>Chabad<\/em><\/li><li><strong><a rel=\"noreferrer noopener\" href=\"https:\/\/de.chabad.org\/parshah\/article_cdo\/aid\/674698\/jewish\/Zwei-verdienstvolle-Typen.htm\" target=\"_blank\">Zwei verdienstvolle Typen<\/a><\/strong> Von Dr. William Stern.&nbsp;<em>Chabad<\/em><\/li><li><strong><a rel=\"noreferrer noopener\" href=\"https:\/\/judentum.hagalil.com\/sidra-behar\/\" target=\"_blank\">Das Jubeljahr<\/a><\/strong> Von Nechama Leibowitz hagalil.com<\/li><\/ul>\n\n\n\n<h2 class=\"wp-block-heading\">Haftarah<\/h2>\n\n\n\n<p><em>Aschkenasisch, Frankfurt am Main, Sefardisch<\/em>: <a href=\"https:\/\/www.talmud.de\/tlmd\/tanach\/jirmejahu\/#kapitel-32\">Jirmejahu 32,6 \u2013 32,37<\/a><br><em>Chabad<\/em>: Jirmejahu 32,6 \u2013 32,22<br><em>Italienisch, Jemenitisch<\/em>: <a href=\"https:\/\/www.talmud.de\/tlmd\/tanach\/jirmejahu\/#kapitel-16\">Jirmejahu 16,19 \u2013 17,14<\/a><\/p>\n\n\n\n<div class=\"wp-block-group\"><div class=\"wp-block-group__inner-container is-layout-flow wp-block-group-is-layout-flow\">\n<div class=\"wp-block-columns is-layout-flex wp-container-core-columns-is-layout-1 wp-block-columns-is-layout-flex\">\n<div class=\"wp-block-column is-layout-flow wp-block-column-is-layout-flow\" style=\"flex-basis:33.33%\">\n<figure class=\"wp-block-image size-large\"><a href=\"https:\/\/www.talmud.de\/tlmd\/zum-wochenabschnitt\/\"><img data-recalc-dims=\"1\" loading=\"lazy\" decoding=\"async\" width=\"89\" height=\"81\" src=\"https:\/\/i0.wp.com\/www.talmud.de\/tlmd\/wp-content\/uploads\/2021\/03\/torah_rolle_80.png?resize=89%2C81&#038;ssl=1\" alt=\"\" class=\"wp-image-7253\"\/><\/a><\/figure>\n<\/div>\n\n\n\n<div class=\"wp-block-column is-layout-flow wp-block-column-is-layout-flow\" style=\"flex-basis:66.66%\">\n<p><a href=\"https:\/\/www.talmud.de\/tlmd\/zum-wochenabschnitt\/\"><img data-recalc-dims=\"1\" loading=\"lazy\" decoding=\"async\" width=\"33\" height=\"20\" class=\"wp-image-1962\" style=\"width: 33px;\" src=\"https:\/\/i0.wp.com\/www.talmud.de\/tlmd\/wp-content\/uploads\/2016\/02\/hand_talmudde.png?resize=33%2C20&#038;ssl=1\" alt=\"\"> <strong>Zur \u00dcbersicht \u00fcber die Wochenabschnitte<\/strong><\/a><\/p>\n<\/div>\n<\/div>\n\n\n\n<p><\/p>\n<\/div><\/div>\n","protected":false},"excerpt":{"rendered":"<p>Zusammfassung WaJikra 25,1\u201326,2Der Wochenabschnitt dieser Woche f\u00fchrt das Erlass- und das Joweljahr ein. Das Erlassjahr solle alle sieben Jahre sein, das Joweljahr alle f\u00fcnfzig Jahre. Im Erlassjahr (oder Schabbatjahr) soll ein Feld nicht landwirtschaftlich genutzt werden. Im Joweljahr soll verkauftes Land an seine urspr\u00fcnglichen Besitzer zur\u00fcckgegeben werden, Sklaven m\u00fcssen freigelassen werden und auch dieses Jahr ist ein Jahr, in dem Felder brachzuliegen haben. Armen soll mit dem zinsfreien Verleih von Geld geholfen werden k\u00f6nnen. Zum Abschluss wird davor gewarnt, G\u00f6tzen zu dienen. Torahabschnitt Text des Wochenabschnitts (Deutsch) Text des Wochenabschnitts&nbsp;talmud.de \u00dcbersetzung auf Sefaria&nbsp;&nbsp;Hebr\u00e4isch-Deutsch Abschnitt im Tikkun&nbsp; Zum Wochenabschnitt Fairer Handel Die Tora verbietet es, andere bei einem Gesch\u00e4ft zu \u00fcbervorteilen Von Rabbiner Joel Berger&nbsp;J\u00fcdische Allgemeine Halachische Tricks Wie man mit kreativen Ideen die Mizwot einhalten kann Von Rabbiner David Bollag&nbsp;J\u00fcdische Allgemeine Dreiklang Warum das Volk Israel, das Land und die Tora miteinander verbunden sind Von Mordechai Bohrer&nbsp;J\u00fcdische Allgemeine Zw\u00f6lf Monate Pause Wie praktikabel ist das Schabbatjahr? Fragen an eine halachische Institution Von Rabbiner Walter Rothschild&nbsp;J\u00fcdische Allgemeine Der \u00bbSchmitta\u00ab &#8211; Aspekt von Erziehung Von Dr. William &hellip;<\/p>\n","protected":false},"author":1,"featured_media":7257,"parent":0,"menu_order":0,"comment_status":"closed","ping_status":"closed","template":"","meta":{"_themeisle_gutenberg_block_has_review":false,"footnotes":""},"class_list":["post-8938","page","type-page","status-publish","has-post-thumbnail","hentry"],"jetpack_sharing_enabled":true,"_links":{"self":[{"href":"https:\/\/www.talmud.de\/tlmd\/wp-json\/wp\/v2\/pages\/8938","targetHints":{"allow":["GET"]}}],"collection":[{"href":"https:\/\/www.talmud.de\/tlmd\/wp-json\/wp\/v2\/pages"}],"about":[{"href":"https:\/\/www.talmud.de\/tlmd\/wp-json\/wp\/v2\/types\/page"}],"author":[{"embeddable":true,"href":"https:\/\/www.talmud.de\/tlmd\/wp-json\/wp\/v2\/users\/1"}],"replies":[{"embeddable":true,"href":"https:\/\/www.talmud.de\/tlmd\/wp-json\/wp\/v2\/comments?post=8938"}],"version-history":[{"count":2,"href":"https:\/\/www.talmud.de\/tlmd\/wp-json\/wp\/v2\/pages\/8938\/revisions"}],"predecessor-version":[{"id":8950,"href":"https:\/\/www.talmud.de\/tlmd\/wp-json\/wp\/v2\/pages\/8938\/revisions\/8950"}],"wp:featuredmedia":[{"embeddable":true,"href":"https:\/\/www.talmud.de\/tlmd\/wp-json\/wp\/v2\/media\/7257"}],"wp:attachment":[{"href":"https:\/\/www.talmud.de\/tlmd\/wp-json\/wp\/v2\/media?parent=8938"}],"curies":[{"name":"wp","href":"https:\/\/api.w.org\/{rel}","templated":true}]}}