{"id":9009,"date":"2022-05-27T09:46:43","date_gmt":"2022-05-27T07:46:43","guid":{"rendered":"https:\/\/www.talmud.de\/tlmd\/?page_id=9009"},"modified":"2022-05-27T09:48:25","modified_gmt":"2022-05-27T07:48:25","slug":"zum-wochenabschnitt-bechukotaj","status":"publish","type":"page","link":"https:\/\/www.talmud.de\/tlmd\/zum-wochenabschnitt-bechukotaj\/","title":{"rendered":"Zum Wochenabschnitt Bechukotaj"},"content":{"rendered":"\n<h2 class=\"wp-block-heading\">Zusammenfassung<\/h2>\n\n\n\n<p><em>WaJikra <\/em>26,3\u201327,34<br>Die Verhei\u00dfung des Segens f\u00fcr diejenigen, die Gottes Geboten folgen, ist Gegenstand des Wochenabschnitts dieser Woche. Dem Segen steht jedoch auch ein Fluch f\u00fcr diejenigen gegen\u00fcber, die die Gebote nicht beachten. Bekannt geworden ist diese Gegen\u00fcberstellung als \u201eTochechah\u201c \u2013\u201eZ\u00fcchtigung\u201c. In der Tochechah werden \u201eGerechte\u201c belohnt und k\u00f6nnen die Fr\u00fcchte ihrer Arbeit genie\u00dfen, schlechte Menschen dagegen werden bestraft und f\u00fcr ihre Missetaten von Gott selber zur Verantwortung gezogen. Den Abschluss bilden Regelungen zu Gel\u00fcbden, Abgaben und Geb\u00fchren.<\/p>\n\n\n\n<h2 class=\"wp-block-heading\">Torahabschnitt<\/h2>\n\n\n\n<ul class=\"wp-block-list\"><li><a href=\"https:\/\/www.talmud.de\/tlmd\/die-torah-eine-deutsche-uebersetzung\/die-torah-bechukotaj\/\"><strong>Text des Wochenabschnitts (Deutsch)<\/strong><\/a><\/li><li><strong><a href=\"https:\/\/www.sefaria.org\/Leviticus.26.3?ven=Die_Heilige_Schrift,_trans._Dr._Simon_Bernfeld,_Berlin,_1902_-_German_[de]&amp;lang=bi&amp;aliyot=1\" target=\"_blank\" rel=\"noreferrer noopener\">Text des Wochenabschnitts<\/a><\/strong>&nbsp;talmud.de \u00dcbersetzung auf Sefaria&nbsp;<img loading=\"lazy\" decoding=\"async\" width=\"20\" height=\"24\" src=\"https:\/\/i2.wp.com\/www.talmud.de\/tlmd\/wp-content\/uploads\/2021\/08\/sefaria_klein.png?resize=20%2C24&amp;ssl=1\" alt=\"Sefaria Logo\">&nbsp;Hebr\u00e4isch-Deutsch<\/li><li><strong><a href=\"https:\/\/tikkun.io\/#\/p\/bechukotai\" target=\"_blank\" rel=\"noreferrer noopener\">Abschnitt im Tikkun<\/a><\/strong>&nbsp;<img loading=\"lazy\" decoding=\"async\" width=\"41\" height=\"28\" src=\"https:\/\/i1.wp.com\/www.talmud.de\/tlmd\/wp-content\/uploads\/2020\/06\/tikkun_online_schriftwechsel.png?resize=41%2C28&amp;ssl=1\" alt=\"\"><\/li><\/ul>\n\n\n\n<h2 class=\"wp-block-heading\">Zum Wochenabschnitt<\/h2>\n\n\n\n<ul class=\"wp-block-list\"><li><strong><a rel=\"noreferrer noopener\" href=\"https:\/\/www.juedische-allgemeine.de\/religion\/regen-und-segen-2\/\" target=\"_blank\">Regen und Segen<\/a><\/strong> Die Schrift lehrt: Wer die Gebote h\u00e4lt, wird reichlich belohnt Von Rabbiner Elischa Portnoy <em>J\u00fcdische Allgemeine<\/em><\/li><li><strong><a rel=\"noreferrer noopener\" href=\"https:\/\/www.juedische-allgemeine.de\/religion\/fuer-immer-verbunden-2\/\" target=\"_blank\">F\u00fcr immer verbunden<\/a><\/strong> Auch wenn das Volk Israel gelegentlich untreu ist, sagt sich der Ewige niemals von ihm los Von Rabbiner Salomon Almekias-Siegl<\/li><li><strong><a rel=\"noreferrer noopener\" href=\"https:\/\/www.juedische-allgemeine.de\/religion\/haende-weg\/\" target=\"_blank\">H\u00e4nde weg!<\/a><\/strong> Warum das Prinzip des Banns auch heute noch von Bedeutung ist Von Chajm Guski <em>J\u00fcdische Allgemeine<\/em><\/li><li><strong><a rel=\"noreferrer noopener\" href=\"https:\/\/de.chabad.org\/parshah\/article_cdo\/aid\/674151\/jewish\/ber-die-Mizwot.htm\" target=\"_blank\">\u00dcber die Mizwot<\/a><\/strong> Von Dr. William Stern.&nbsp;<em>Chabad<\/em><\/li><li><strong><a rel=\"noreferrer noopener\" href=\"https:\/\/de.chabad.org\/parshah\/article_cdo\/aid\/674149\/jewish\/Abschied-vom-Schabbat.htm\" target=\"_blank\">Abschied vom Schabbat<\/a><\/strong> Von Dr. William Stern.&nbsp;<em>Chabad<\/em><\/li><li><strong><a rel=\"noreferrer noopener\" href=\"https:\/\/de.chabad.org\/parshah\/article_cdo\/aid\/674150\/jewish\/Ein-kleines-Wort.htm\" target=\"_blank\">Ein kleines Wort<\/a><\/strong> Von Dr. William Stern.&nbsp;<em>Chabad<\/em><\/li><li><strong><a rel=\"noreferrer noopener\" href=\"https:\/\/judentum.hagalil.com\/sidra-bechukotai\/\" target=\"_blank\">Hoffnung trotz Holocaust<\/a><\/strong> Von Nechama Leibowitz hagalil.com<\/li><li><strong><a rel=\"noreferrer noopener\" href=\"https:\/\/www.talmud.de\/tlmd\/zum-schabbat-bechukotaj\/\" data-type=\"post\" data-id=\"191\" target=\"_blank\">Zum Schabbat Bechukotaj<\/a><\/strong> Von Chajm Guski <em>talmud.de <\/em><\/li><li><a rel=\"noreferrer noopener\" href=\"https:\/\/media.rabbisacks.org\/20220524000122\/GERMAN-Bechukotai.pdf\" target=\"_blank\"><strong>Die Politik der Verantwortung<\/strong> <img data-recalc-dims=\"1\" loading=\"lazy\" decoding=\"async\" width=\"24\" height=\"24\" class=\"wp-image-7992\" style=\"width: 24px;\" src=\"https:\/\/i0.wp.com\/www.talmud.de\/tlmd\/wp-content\/uploads\/2021\/10\/outline_picture_as_pdf_black_24dp.png?resize=24%2C24&#038;ssl=1\" alt=\"\"> <\/a>Von Rabbiner Lord Jonathan Sacks (sel. Ang.)&nbsp;<em>rabbisacks.org<\/em><\/li><\/ul>\n\n\n\n<h2 class=\"wp-block-heading\">Haftarah<\/h2>\n\n\n\n<p><em>Aschkenasisch, Frankfurt am Main, Chabad, Sefardisch<\/em>: <a href=\"https:\/\/www.talmud.de\/tlmd\/tanach\/jirmejahu\/#kapitel-16\">Jirmejahu 16,19\u201317,14<\/a><br><em>Italienisch<\/em>: Jechezkiel 34,1\u201334,15<br><em>Jemenitisch<\/em>: Jechezkiel 34,1\u201334,27<\/p>\n\n\n\n<div class=\"wp-block-group\"><div class=\"wp-block-group__inner-container is-layout-flow wp-block-group-is-layout-flow\">\n<div class=\"wp-block-columns is-layout-flex wp-container-core-columns-is-layout-1 wp-block-columns-is-layout-flex\">\n<div class=\"wp-block-column is-layout-flow wp-block-column-is-layout-flow\" style=\"flex-basis:33.33%\">\n<figure class=\"wp-block-image size-large\"><a href=\"https:\/\/www.talmud.de\/tlmd\/zum-wochenabschnitt\/\"><img data-recalc-dims=\"1\" loading=\"lazy\" decoding=\"async\" width=\"89\" height=\"81\" src=\"https:\/\/i0.wp.com\/www.talmud.de\/tlmd\/wp-content\/uploads\/2021\/03\/torah_rolle_80.png?resize=89%2C81&#038;ssl=1\" alt=\"\" class=\"wp-image-7253\"\/><\/a><\/figure>\n<\/div>\n\n\n\n<div class=\"wp-block-column is-layout-flow wp-block-column-is-layout-flow\" style=\"flex-basis:66.66%\">\n<p><a href=\"https:\/\/www.talmud.de\/tlmd\/zum-wochenabschnitt\/\"><img data-recalc-dims=\"1\" loading=\"lazy\" decoding=\"async\" width=\"33\" height=\"20\" class=\"wp-image-1962\" style=\"width: 33px;\" src=\"https:\/\/i0.wp.com\/www.talmud.de\/tlmd\/wp-content\/uploads\/2016\/02\/hand_talmudde.png?resize=33%2C20&#038;ssl=1\" alt=\"\"> <strong>Zur \u00dcbersicht \u00fcber die Wochenabschnitte<\/strong><\/a><\/p>\n<\/div>\n<\/div>\n\n\n\n<p><\/p>\n<\/div><\/div>\n","protected":false},"excerpt":{"rendered":"<p>Zusammenfassung WaJikra 26,3\u201327,34Die Verhei\u00dfung des Segens f\u00fcr diejenigen, die Gottes Geboten folgen, ist Gegenstand des Wochenabschnitts dieser Woche. Dem Segen steht jedoch auch ein Fluch f\u00fcr diejenigen gegen\u00fcber, die die Gebote nicht beachten. Bekannt geworden ist diese Gegen\u00fcberstellung als \u201eTochechah\u201c \u2013\u201eZ\u00fcchtigung\u201c. In der Tochechah werden \u201eGerechte\u201c belohnt und k\u00f6nnen die Fr\u00fcchte ihrer Arbeit genie\u00dfen, schlechte Menschen dagegen werden bestraft und f\u00fcr ihre Missetaten von Gott selber zur Verantwortung gezogen. Den Abschluss bilden Regelungen zu Gel\u00fcbden, Abgaben und Geb\u00fchren. Torahabschnitt Text des Wochenabschnitts (Deutsch) Text des Wochenabschnitts&nbsp;talmud.de \u00dcbersetzung auf Sefaria&nbsp;&nbsp;Hebr\u00e4isch-Deutsch Abschnitt im Tikkun&nbsp; Zum Wochenabschnitt Regen und Segen Die Schrift lehrt: Wer die Gebote h\u00e4lt, wird reichlich belohnt Von Rabbiner Elischa Portnoy J\u00fcdische Allgemeine F\u00fcr immer verbunden Auch wenn das Volk Israel gelegentlich untreu ist, sagt sich der Ewige niemals von ihm los Von Rabbiner Salomon Almekias-Siegl H\u00e4nde weg! Warum das Prinzip des Banns auch heute noch von Bedeutung ist Von Chajm Guski J\u00fcdische Allgemeine \u00dcber die Mizwot Von Dr. William Stern.&nbsp;Chabad Abschied vom Schabbat Von Dr. William Stern.&nbsp;Chabad Ein kleines Wort Von Dr. William Stern.&nbsp;Chabad &hellip;<\/p>\n","protected":false},"author":1,"featured_media":7257,"parent":0,"menu_order":0,"comment_status":"closed","ping_status":"closed","template":"","meta":{"_themeisle_gutenberg_block_has_review":false,"footnotes":""},"class_list":["post-9009","page","type-page","status-publish","has-post-thumbnail","hentry"],"jetpack_sharing_enabled":true,"_links":{"self":[{"href":"https:\/\/www.talmud.de\/tlmd\/wp-json\/wp\/v2\/pages\/9009","targetHints":{"allow":["GET"]}}],"collection":[{"href":"https:\/\/www.talmud.de\/tlmd\/wp-json\/wp\/v2\/pages"}],"about":[{"href":"https:\/\/www.talmud.de\/tlmd\/wp-json\/wp\/v2\/types\/page"}],"author":[{"embeddable":true,"href":"https:\/\/www.talmud.de\/tlmd\/wp-json\/wp\/v2\/users\/1"}],"replies":[{"embeddable":true,"href":"https:\/\/www.talmud.de\/tlmd\/wp-json\/wp\/v2\/comments?post=9009"}],"version-history":[{"count":2,"href":"https:\/\/www.talmud.de\/tlmd\/wp-json\/wp\/v2\/pages\/9009\/revisions"}],"predecessor-version":[{"id":9014,"href":"https:\/\/www.talmud.de\/tlmd\/wp-json\/wp\/v2\/pages\/9009\/revisions\/9014"}],"wp:featuredmedia":[{"embeddable":true,"href":"https:\/\/www.talmud.de\/tlmd\/wp-json\/wp\/v2\/media\/7257"}],"wp:attachment":[{"href":"https:\/\/www.talmud.de\/tlmd\/wp-json\/wp\/v2\/media?parent=9009"}],"curies":[{"name":"wp","href":"https:\/\/api.w.org\/{rel}","templated":true}]}}