{"id":9056,"date":"2022-06-03T10:28:02","date_gmt":"2022-06-03T08:28:02","guid":{"rendered":"https:\/\/www.talmud.de\/tlmd\/?page_id=9056"},"modified":"2022-06-10T14:04:59","modified_gmt":"2022-06-10T12:04:59","slug":"zum-wochenabschnitt-bamidbar","status":"publish","type":"page","link":"https:\/\/www.talmud.de\/tlmd\/zum-wochenabschnitt-bamidbar\/","title":{"rendered":"Zum Wochenabschnitt BaMidbar"},"content":{"rendered":"\n<h2 class=\"wp-block-heading\">Zusammenfassung<\/h2>\n\n\n\n<p><em>BaMidbar<\/em> 1,1\u20134,20 <br>Am Anfang des Wochenabschnitts Bamidbar steht die Z\u00e4hlung aller wehrf\u00e4higen M\u00e4nner, mit Ausnahme der Leviten. Sie sind vom Milit\u00e4rdienst befreit und nehmen die Stelle der Erstgeborenen Israels ein. Ihnen wird der Dienst im Stiftszelt \u00fcbertragen. Bei ihnen soll von nun an jedes Erstgeborene ausgel\u00f6st werden. Zudem wird geregelt, welche Familien f\u00fcr den Auf\u2010 und Abbau des Stiftszelts verantwortlich sind.<\/p>\n\n\n\n<h2 class=\"wp-block-heading\">Torahabschnitt<\/h2>\n\n\n\n<ul class=\"wp-block-list\"><li><a href=\"https:\/\/www.talmud.de\/tlmd\/die-torah-eine-deutsche-uebersetzung\/die-torah-bamidbar\/\"><strong>Text des Wochenabschnitts (Deutsch)<\/strong><\/a><\/li><li><strong><a href=\"https:\/\/www.sefaria.org\/Numeri.1.1?ven=Die_Heilige_Schrift,_trans._Dr._Simon_Bernfeld,_Berlin,_1902_-_German_[de]&amp;lang=bi&amp;aliyot=1\" target=\"_blank\" rel=\"noreferrer noopener\">Text des Wochenabschni<\/a><a rel=\"noreferrer noopener\" href=\"https:\/\/www.sefaria.org\/Numbers.1?ven=Die_Heilige_Schrift,_trans._Dr._Simon_Bernfeld,_Berlin,_1902_-_German_[de]&amp;vhe=Miqra_according_to_the_Masorah&amp;lang=bi&amp;aliyot=1\" target=\"_blank\">t<\/a><a rel=\"noreferrer noopener\" href=\"https:\/\/www.sefaria.org\/Leviticus.1.1?ven=Die_Heilige_Schrift,_trans._Dr._Simon_Bernfeld,_Berlin,_1902_-_German_[de]&amp;lang=bi&amp;aliyot=1\" target=\"_blank\">ts<\/a><\/strong>\u00a0talmud.de \u00dcbersetzung auf Sefaria\u00a0<img loading=\"lazy\" decoding=\"async\" width=\"20\" height=\"24\" src=\"https:\/\/i2.wp.com\/www.talmud.de\/tlmd\/wp-content\/uploads\/2021\/08\/sefaria_klein.png?resize=20%2C24&amp;ssl=1\" alt=\"Sefaria Logo\">\u00a0Hebr\u00e4isch-Deutsch<\/li><li><strong><a rel=\"noreferrer noopener\" href=\"https:\/\/tikkun.io\/#\/p\/bamidbar\" target=\"_blank\">Abschnitt im Tikkun<\/a><\/strong>\u00a0<img loading=\"lazy\" decoding=\"async\" width=\"41\" height=\"28\" src=\"https:\/\/i1.wp.com\/www.talmud.de\/tlmd\/wp-content\/uploads\/2020\/06\/tikkun_online_schriftwechsel.png?resize=41%2C28&amp;ssl=1\" alt=\"\"><\/li><\/ul>\n\n\n\n<h2 class=\"wp-block-heading\">Zum Wochenabschnitt<\/h2>\n\n\n\n<ul class=\"wp-block-list\"><li><strong><a rel=\"noreferrer noopener\" href=\"https:\/\/www.juedische-allgemeine.de\/religion\/einheit-in-vielfalt-2\/\" target=\"_blank\">Einheit in Vielfalt<\/a><\/strong> Jeder der zw\u00f6lf St\u00e4mme Israels soll seine eigene Fahne hissen \u2013 und alle m\u00f6gen im Namen G\u2019ttes zusammenstehen Von Rabbiner Yehuda Teichtal <em>J\u00fcdische Allgemeine<\/em><\/li><li><a rel=\"noreferrer noopener\" href=\"https:\/\/www.juedische-allgemeine.de\/religion\/ein-ort-der-niemandem-gehoert\/\" target=\"_blank\"><strong>Ein Ort, der niemandem geh\u00f6rt<\/strong> <\/a>Warum das Volk Israel die Tora ausgerechnet in der W\u00fcste erhielt Von Rabbiner Salomon Almekias-Siegl <em>J\u00fcdische Allgemeine<\/em><\/li><li><strong><a href=\"https:\/\/judentum.hagalil.com\/sidrath-bamidbar\/\" target=\"_blank\" rel=\"noreferrer noopener\">Israels zweite Musterung<\/a><\/strong> Von Nechama Leibowitz hagalil.com<\/li><\/ul>\n\n\n\n<h2 class=\"wp-block-heading\">Haftarah<\/h2>\n\n\n\n<p><em>Alle Minhagim<\/em>: <a href=\"https:\/\/www.talmud.de\/tlmd\/tanach\/hoschea-das-buch-hosea\/#kapitel-2\">Hoschea 2,1\u201322<\/a><\/p>\n\n\n\n<div class=\"wp-block-group\"><div class=\"wp-block-group__inner-container is-layout-flow wp-block-group-is-layout-flow\">\n<div class=\"wp-block-columns is-layout-flex wp-container-core-columns-is-layout-1 wp-block-columns-is-layout-flex\">\n<div class=\"wp-block-column is-layout-flow wp-block-column-is-layout-flow\" style=\"flex-basis:33.33%\">\n<figure class=\"wp-block-image size-large\"><a href=\"https:\/\/www.talmud.de\/tlmd\/zum-wochenabschnitt\/\"><img data-recalc-dims=\"1\" loading=\"lazy\" decoding=\"async\" width=\"89\" height=\"81\" src=\"https:\/\/i0.wp.com\/www.talmud.de\/tlmd\/wp-content\/uploads\/2021\/03\/torah_rolle_80.png?resize=89%2C81&#038;ssl=1\" alt=\"\" class=\"wp-image-7253\"\/><\/a><\/figure>\n<\/div>\n\n\n\n<div class=\"wp-block-column is-layout-flow wp-block-column-is-layout-flow\" style=\"flex-basis:66.66%\">\n<p><a href=\"https:\/\/www.talmud.de\/tlmd\/zum-wochenabschnitt\/\"><img data-recalc-dims=\"1\" loading=\"lazy\" decoding=\"async\" width=\"33\" height=\"20\" class=\"wp-image-1962\" style=\"width: 33px;\" src=\"https:\/\/i0.wp.com\/www.talmud.de\/tlmd\/wp-content\/uploads\/2016\/02\/hand_talmudde.png?resize=33%2C20&#038;ssl=1\" alt=\"\"> <strong>Zur \u00dcbersicht \u00fcber die Wochenabschnitte<\/strong><\/a><\/p>\n<\/div>\n<\/div>\n\n\n\n<p><\/p>\n<\/div><\/div>\n","protected":false},"excerpt":{"rendered":"<p>Zusammenfassung BaMidbar 1,1\u20134,20 Am Anfang des Wochenabschnitts Bamidbar steht die Z\u00e4hlung aller wehrf\u00e4higen M\u00e4nner, mit Ausnahme der Leviten. Sie sind vom Milit\u00e4rdienst befreit und nehmen die Stelle der Erstgeborenen Israels ein. Ihnen wird der Dienst im Stiftszelt \u00fcbertragen. Bei ihnen soll von nun an jedes Erstgeborene ausgel\u00f6st werden. Zudem wird geregelt, welche Familien f\u00fcr den Auf\u2010 und Abbau des Stiftszelts verantwortlich sind. Torahabschnitt Text des Wochenabschnitts (Deutsch) Text des Wochenabschnitts\u00a0talmud.de \u00dcbersetzung auf Sefaria\u00a0\u00a0Hebr\u00e4isch-Deutsch Abschnitt im Tikkun\u00a0 Zum Wochenabschnitt Einheit in Vielfalt Jeder der zw\u00f6lf St\u00e4mme Israels soll seine eigene Fahne hissen \u2013 und alle m\u00f6gen im Namen G\u2019ttes zusammenstehen Von Rabbiner Yehuda Teichtal J\u00fcdische Allgemeine Ein Ort, der niemandem geh\u00f6rt Warum das Volk Israel die Tora ausgerechnet in der W\u00fcste erhielt Von Rabbiner Salomon Almekias-Siegl J\u00fcdische Allgemeine Israels zweite Musterung Von Nechama Leibowitz hagalil.com Haftarah Alle Minhagim: Hoschea 2,1\u201322<\/p>\n","protected":false},"author":1,"featured_media":0,"parent":0,"menu_order":0,"comment_status":"closed","ping_status":"closed","template":"","meta":{"_themeisle_gutenberg_block_has_review":false,"footnotes":""},"class_list":["post-9056","page","type-page","status-publish","hentry"],"jetpack_sharing_enabled":true,"_links":{"self":[{"href":"https:\/\/www.talmud.de\/tlmd\/wp-json\/wp\/v2\/pages\/9056","targetHints":{"allow":["GET"]}}],"collection":[{"href":"https:\/\/www.talmud.de\/tlmd\/wp-json\/wp\/v2\/pages"}],"about":[{"href":"https:\/\/www.talmud.de\/tlmd\/wp-json\/wp\/v2\/types\/page"}],"author":[{"embeddable":true,"href":"https:\/\/www.talmud.de\/tlmd\/wp-json\/wp\/v2\/users\/1"}],"replies":[{"embeddable":true,"href":"https:\/\/www.talmud.de\/tlmd\/wp-json\/wp\/v2\/comments?post=9056"}],"version-history":[{"count":1,"href":"https:\/\/www.talmud.de\/tlmd\/wp-json\/wp\/v2\/pages\/9056\/revisions"}],"predecessor-version":[{"id":9075,"href":"https:\/\/www.talmud.de\/tlmd\/wp-json\/wp\/v2\/pages\/9056\/revisions\/9075"}],"wp:attachment":[{"href":"https:\/\/www.talmud.de\/tlmd\/wp-json\/wp\/v2\/media?parent=9056"}],"curies":[{"name":"wp","href":"https:\/\/api.w.org\/{rel}","templated":true}]}}