{"id":9072,"date":"2022-06-10T14:18:55","date_gmt":"2022-06-10T12:18:55","guid":{"rendered":"https:\/\/www.talmud.de\/tlmd\/?page_id=9072"},"modified":"2022-06-10T14:18:56","modified_gmt":"2022-06-10T12:18:56","slug":"zum-wochenabschnitt-nasso","status":"publish","type":"page","link":"https:\/\/www.talmud.de\/tlmd\/zum-wochenabschnitt-nasso\/","title":{"rendered":"Zum Wochenabschnitt Nasso"},"content":{"rendered":"\n<h2 class=\"wp-block-heading\">Zusammenfassung<\/h2>\n\n\n\n<p><em>BaMidbar <\/em>4,21\u20137,89<br>Der Wochenabschnitt Paraschat Nasso setzt die Aufgabenverteilung beim Transport des Stiftszelts fort. Es folgen verschiedene Verordnungen zum Zelt und ein Abschnitt \u00fcber Enthaltsamkeitsgel\u00fcbde. Dann wird der priesterliche Segen \u00fcbermittelt. Den Abschluss bildet eine Schilderung der Gaben der Stammesf\u00fcrsten zur Einweihung des Stiftszelts.<\/p>\n\n\n\n<h2 class=\"wp-block-heading\">Torahabschnitt<\/h2>\n\n\n\n<ul class=\"wp-block-list\"><li><a href=\"https:\/\/www.talmud.de\/tlmd\/die-torah-eine-deutsche-uebersetzung\/die-torah-nasso\/\"><strong>Text des Wochenabschnitts (Deutsch)<\/strong><\/a><\/li><li><strong><a rel=\"noreferrer noopener\" href=\"https:\/\/www.sefaria.org\/Numbers.4.21?ven=Die_Heilige_Schrift,_trans._Dr._Simon_Bernfeld,_Berlin,_1902_-_German_[de]&amp;lang=bi&amp;with=Translations&amp;lang2=en\" target=\"_blank\">Text des Wochenabschnitts<\/a><\/strong>\u00a0talmud.de \u00dcbersetzung auf Sefaria\u00a0<img loading=\"lazy\" decoding=\"async\" width=\"20\" height=\"24\" src=\"https:\/\/i2.wp.com\/www.talmud.de\/tlmd\/wp-content\/uploads\/2021\/08\/sefaria_klein.png?resize=20%2C24&amp;ssl=1\" alt=\"Sefaria Logo\">\u00a0Hebr\u00e4isch-Deutsch<\/li><li><strong><a rel=\"noreferrer noopener\" href=\"https:\/\/tikkun.io\/#\/p\/nasso\" target=\"_blank\">Abschnitt im Tikkun<\/a><\/strong>\u00a0<img loading=\"lazy\" decoding=\"async\" width=\"41\" height=\"28\" src=\"https:\/\/i1.wp.com\/www.talmud.de\/tlmd\/wp-content\/uploads\/2020\/06\/tikkun_online_schriftwechsel.png?resize=41%2C28&amp;ssl=1\" alt=\"\"><\/li><\/ul>\n\n\n\n<h2 class=\"wp-block-heading\">Zum Wochenabschnitt<\/h2>\n\n\n\n<ul class=\"wp-block-list\"><li><strong><a rel=\"noreferrer noopener\" href=\"https:\/\/www.juedische-allgemeine.de\/religion\/du-bist-die-quelle\/\" target=\"_blank\">\u00bbDu bist die Quelle\u00ab<\/a><\/strong> Der Priestersegen kommt allein von G\u2019tt Von Rabbiner Avraham Radbil <em>J\u00fcdische Allgemeine<\/em><\/li><li><strong><a rel=\"noreferrer noopener\" href=\"https:\/\/www.juedische-allgemeine.de\/religion\/enthaltsamkeit-ist-keine-zier\/\" target=\"_blank\">Enthaltsamkeit ist keine Zier<\/a><\/strong> Warum das Judentum nicht viel davon h\u00e4lt, aus Prinzip auf Materielles zu verzichten Von Shimon Lang <em>J\u00fcdische Allgemeine<\/em><\/li><li><strong><a rel=\"noreferrer noopener\" href=\"https:\/\/www.juedische-allgemeine.de\/allgemein\/ausser-kontrolle\/\" target=\"_blank\">Au\u00dfer Kontrolle<\/a><\/strong> Eifers\u00fcchtig? Die Tora lehrt, dass mangelndes Vertrauen nur zu zweit \u00fcberwunden werden kann Von Abraham Weiss <em>J\u00fcdische Allgemeine<\/em><\/li><li><strong><a rel=\"noreferrer noopener\" href=\"https:\/\/www.juedische-allgemeine.de\/allgemein\/seele-geist-und-kassensturz\/\" target=\"_blank\">Seele, Geist und Kassensturz<\/a><\/strong> Die Tora bietet eine besondere M\u00f6glichkeit, die eigene Lebensbalance zu finden Von Alexander Krimhand <em>J\u00fcdische Allgemeine<\/em><\/li><li><strong><a rel=\"noreferrer noopener\" href=\"https:\/\/de.chabad.org\/parshah\/article_cdo\/aid\/529329\/jewish\/Das-Heiligtum-in-unserer-Mitte.htm\" target=\"_blank\">Das Heiligtum in unserer Mitte<\/a><\/strong> Von Dr. William Stern.\u00a0<em>Chabad<\/em><\/li><li><strong><a rel=\"noreferrer noopener\" href=\"https:\/\/de.chabad.org\/parshah\/article_cdo\/aid\/697618\/jewish\/Die-groe-Stimme.htm\" target=\"_blank\">Die gro\u00dfe Stimme<\/a><\/strong> Von Dr. William Stern.\u00a0<em>Chabad<\/em><\/li><li><strong><a rel=\"noreferrer noopener\" href=\"https:\/\/de.chabad.org\/parshah\/article_cdo\/aid\/697619\/jewish\/Drei-ethische-Bereiche.htm\" target=\"_blank\">Drei ethische Bereiche<\/a><\/strong> Von Dr. William Stern.\u00a0<em>Chabad<\/em><\/li><li><strong><a rel=\"noreferrer noopener\" href=\"https:\/\/judentum.hagalil.com\/sidrath-naso\/\" target=\"_blank\">Der Priestersegen<\/a><\/strong> Von Nechama Leibowitz hagalil.com<\/li><\/ul>\n\n\n\n<h2 class=\"wp-block-heading\">Haftarah<\/h2>\n\n\n\n<p><em>Viele Minhagim<\/em>: Schoftim 13,2\u201325<br><em>Jemenitisch<\/em>: Schoftim 13,2\u201324<br><em>Romaniotisch<\/em>: Hoschea 4,14\u20136,2<\/p>\n\n\n\n<div class=\"wp-block-group\"><div class=\"wp-block-group__inner-container is-layout-flow wp-block-group-is-layout-flow\">\n<div class=\"wp-block-columns is-layout-flex wp-container-core-columns-is-layout-1 wp-block-columns-is-layout-flex\">\n<div class=\"wp-block-column is-layout-flow wp-block-column-is-layout-flow\" style=\"flex-basis:33.33%\">\n<figure class=\"wp-block-image size-large\"><a href=\"https:\/\/www.talmud.de\/tlmd\/zum-wochenabschnitt\/\"><img data-recalc-dims=\"1\" loading=\"lazy\" decoding=\"async\" width=\"89\" height=\"81\" src=\"https:\/\/i0.wp.com\/www.talmud.de\/tlmd\/wp-content\/uploads\/2021\/03\/torah_rolle_80.png?resize=89%2C81&#038;ssl=1\" alt=\"\" class=\"wp-image-7253\"\/><\/a><\/figure>\n<\/div>\n\n\n\n<div class=\"wp-block-column is-layout-flow wp-block-column-is-layout-flow\" style=\"flex-basis:66.66%\">\n<p><a href=\"https:\/\/www.talmud.de\/tlmd\/zum-wochenabschnitt\/\"><img data-recalc-dims=\"1\" loading=\"lazy\" decoding=\"async\" width=\"33\" height=\"20\" class=\"wp-image-1962\" style=\"width: 33px;\" src=\"https:\/\/i0.wp.com\/www.talmud.de\/tlmd\/wp-content\/uploads\/2016\/02\/hand_talmudde.png?resize=33%2C20&#038;ssl=1\" alt=\"\"> <strong>Zur \u00dcbersicht \u00fcber die Wochenabschnitte<\/strong><\/a><\/p>\n<\/div>\n<\/div>\n\n\n\n<p><\/p>\n<\/div><\/div>\n","protected":false},"excerpt":{"rendered":"<p>Zusammenfassung BaMidbar 4,21\u20137,89Der Wochenabschnitt Paraschat Nasso setzt die Aufgabenverteilung beim Transport des Stiftszelts fort. Es folgen verschiedene Verordnungen zum Zelt und ein Abschnitt \u00fcber Enthaltsamkeitsgel\u00fcbde. Dann wird der priesterliche Segen \u00fcbermittelt. Den Abschluss bildet eine Schilderung der Gaben der Stammesf\u00fcrsten zur Einweihung des Stiftszelts. Torahabschnitt Text des Wochenabschnitts (Deutsch) Text des Wochenabschnitts\u00a0talmud.de \u00dcbersetzung auf Sefaria\u00a0\u00a0Hebr\u00e4isch-Deutsch Abschnitt im Tikkun\u00a0 Zum Wochenabschnitt \u00bbDu bist die Quelle\u00ab Der Priestersegen kommt allein von G\u2019tt Von Rabbiner Avraham Radbil J\u00fcdische Allgemeine Enthaltsamkeit ist keine Zier Warum das Judentum nicht viel davon h\u00e4lt, aus Prinzip auf Materielles zu verzichten Von Shimon Lang J\u00fcdische Allgemeine Au\u00dfer Kontrolle Eifers\u00fcchtig? Die Tora lehrt, dass mangelndes Vertrauen nur zu zweit \u00fcberwunden werden kann Von Abraham Weiss J\u00fcdische Allgemeine Seele, Geist und Kassensturz Die Tora bietet eine besondere M\u00f6glichkeit, die eigene Lebensbalance zu finden Von Alexander Krimhand J\u00fcdische Allgemeine Das Heiligtum in unserer Mitte Von Dr. William Stern.\u00a0Chabad Die gro\u00dfe Stimme Von Dr. William Stern.\u00a0Chabad Drei ethische Bereiche Von Dr. William Stern.\u00a0Chabad Der Priestersegen Von Nechama Leibowitz hagalil.com Haftarah Viele Minhagim: Schoftim 13,2\u201325Jemenitisch: Schoftim 13,2\u201324Romaniotisch: Hoschea &hellip;<\/p>\n","protected":false},"author":1,"featured_media":7257,"parent":0,"menu_order":0,"comment_status":"closed","ping_status":"closed","template":"","meta":{"_themeisle_gutenberg_block_has_review":false,"footnotes":""},"class_list":["post-9072","page","type-page","status-publish","has-post-thumbnail","hentry"],"jetpack_sharing_enabled":true,"_links":{"self":[{"href":"https:\/\/www.talmud.de\/tlmd\/wp-json\/wp\/v2\/pages\/9072","targetHints":{"allow":["GET"]}}],"collection":[{"href":"https:\/\/www.talmud.de\/tlmd\/wp-json\/wp\/v2\/pages"}],"about":[{"href":"https:\/\/www.talmud.de\/tlmd\/wp-json\/wp\/v2\/types\/page"}],"author":[{"embeddable":true,"href":"https:\/\/www.talmud.de\/tlmd\/wp-json\/wp\/v2\/users\/1"}],"replies":[{"embeddable":true,"href":"https:\/\/www.talmud.de\/tlmd\/wp-json\/wp\/v2\/comments?post=9072"}],"version-history":[{"count":2,"href":"https:\/\/www.talmud.de\/tlmd\/wp-json\/wp\/v2\/pages\/9072\/revisions"}],"predecessor-version":[{"id":9077,"href":"https:\/\/www.talmud.de\/tlmd\/wp-json\/wp\/v2\/pages\/9072\/revisions\/9077"}],"wp:featuredmedia":[{"embeddable":true,"href":"https:\/\/www.talmud.de\/tlmd\/wp-json\/wp\/v2\/media\/7257"}],"wp:attachment":[{"href":"https:\/\/www.talmud.de\/tlmd\/wp-json\/wp\/v2\/media?parent=9072"}],"curies":[{"name":"wp","href":"https:\/\/api.w.org\/{rel}","templated":true}]}}