{"id":9084,"date":"2022-06-13T12:15:27","date_gmt":"2022-06-13T10:15:27","guid":{"rendered":"https:\/\/www.talmud.de\/tlmd\/?page_id=9084"},"modified":"2022-06-23T11:56:38","modified_gmt":"2022-06-23T09:56:38","slug":"zum-wochenabschnitt-behaalotcha","status":"publish","type":"page","link":"https:\/\/www.talmud.de\/tlmd\/zum-wochenabschnitt-behaalotcha\/","title":{"rendered":"Zum Wochenabschnitt Behaalotcha"},"content":{"rendered":"\n<h2 class=\"wp-block-heading\">Zusammenfassung<\/h2>\n\n\n\n<p><em>BaMidbar <\/em>8,1\u201312,16<br>Mit den Vorschriften f\u00fcr den Unterhalt des Lichts im Stiftszelt beginnt der Torahabschnitt dieser Woche und wendet sich dann anderen Vorschriften f\u00fcr die Lewiten zu. Es wird ein zweites Pessachfest f\u00fcr diejenigen eingef\u00fchrt, die im Monat Nissan Pessach nicht feiern konnten. Es wird geschildert, wie am Tag eine Wolke und nachts eine Feuers\u00e4ule Gottes Pr\u00e4senz am Stiftszelt anzeigt. Wenn die Wolke sich vom Stiftszelt entfernte, setzten auch die Kinder Israels ihren Zug fort. Diese beschweren sich bei Moses \u00fcber den Mangel an Fleisch. Gott sagt Moses, er solle einen \u00c4ltestenrat einberufen und sorgt mit Wachteln f\u00fcr Fleisch. Mirjam und Aharon reden schlecht \u00fcber Moses Ehefrau und beklagen sich, dass Gott nicht durch die beiden spricht. Mirjam wird daf\u00fcr mit Aussatz bestraft. Nach ihrer Heilung setzt sich der Zug durch die W\u00fcste fort.<\/p>\n\n\n\n<h2 class=\"wp-block-heading\">Torahabschnitt<\/h2>\n\n\n\n<ul class=\"wp-block-list\"><li><a href=\"https:\/\/www.talmud.de\/tlmd\/die-torah-eine-deutsche-uebersetzung\/die-torah-behaalotcha\/\"><strong>Text des Wochenabschnitts (Deutsch)<\/strong><\/a><\/li><li><strong><a href=\"https:\/\/www.sefaria.org\/Numbers.8.1?ven=Die_Heilige_Schrift,_trans._Dr._Simon_Bernfeld,_Berlin,_1902_-_German_[de]&amp;lang=bi&amp;with=Translations&amp;lang2=en\" target=\"_blank\" rel=\"noreferrer noopener\">Text des Wochenabschnitts<\/a><\/strong>&nbsp;talmud.de \u00dcbersetzung auf Sefaria&nbsp;<img loading=\"lazy\" decoding=\"async\" width=\"20\" height=\"24\" src=\"https:\/\/i2.wp.com\/www.talmud.de\/tlmd\/wp-content\/uploads\/2021\/08\/sefaria_klein.png?resize=20%2C24&amp;ssl=1\" alt=\"Sefaria Logo\">&nbsp;Hebr\u00e4isch-Deutsch<\/li><li><strong><a href=\"https:\/\/tikkun.io\/#\/p\/behaalotcha\" target=\"_blank\" rel=\"noreferrer noopener\">Abschnitt im Tikkun<\/a><\/strong>&nbsp;<img loading=\"lazy\" decoding=\"async\" width=\"41\" height=\"28\" src=\"https:\/\/i1.wp.com\/www.talmud.de\/tlmd\/wp-content\/uploads\/2020\/06\/tikkun_online_schriftwechsel.png?resize=41%2C28&amp;ssl=1\" alt=\"\"><\/li><\/ul>\n\n\n\n<h2 class=\"wp-block-heading\">Zum Wochenabschnitt<\/h2>\n\n\n\n<ul class=\"wp-block-list\"><li><strong><a rel=\"noreferrer noopener\" href=\"https:\/\/www.juedische-allgemeine.de\/religion\/in-die-mitte-strahlen\/\" target=\"_blank\">In die Mitte strahlen<\/a><\/strong> Was die Tora \u00fcber das Licht im Heiligtum vorschreibt Von Rabbiner Joel Berger <em>J\u00fcdische Allgemeine<\/em><\/li><li><strong><a rel=\"noreferrer noopener\" href=\"https:\/\/www.juedische-allgemeine.de\/religion\/burn-out-am-sinai\/\" target=\"_blank\">Burn-out am Sinai<\/a><\/strong> Warum es Mosche nicht guttat, derart dem\u00fctig zu sein Von Shimon Lang <em>J\u00fcdische Allgemeine<\/em><\/li><li><strong><a rel=\"noreferrer noopener\" href=\"https:\/\/www.juedische-allgemeine.de\/religion\/kraft-des-wortes\/\" target=\"_blank\">Kraft des Wortes<\/a><\/strong> Die Verse der Tora haben viel Macht und k\u00f6nnen unser Leben ver\u00e4ndern \u2013 wenn wir richtig zuh\u00f6ren Von Rabbiner Walter Rothschild <em>J\u00fcdische Allgemeine<\/em><\/li><li><strong><a rel=\"noreferrer noopener\" href=\"https:\/\/de.chabad.org\/parshah\/article_cdo\/aid\/697654\/jewish\/Fhrung-auf-dem-Wege.htm\" target=\"_blank\">F\u00fchrung auf dem Wege<\/a><\/strong> Von Dr. William Stern.\u00a0<em>Chabad<\/em><\/li><li><strong><a rel=\"noreferrer noopener\" href=\"https:\/\/de.chabad.org\/parshah\/article_cdo\/aid\/697655\/jewish\/Miriams-Wagemut.htm\" target=\"_blank\">Miriams Wagemut<\/a><\/strong> Von Dr. William Stern.\u00a0<em>Chabad<\/em><\/li><li><strong><a rel=\"noreferrer noopener\" href=\"https:\/\/de.chabad.org\/parshah\/article_cdo\/aid\/697656\/jewish\/Natrliche-Demut.htm\" target=\"_blank\">Nat\u00fcrliche Demut<\/a><\/strong> Von Dr. William Stern.\u00a0<em>Chabad<\/em><\/li><li><a rel=\"noreferrer noopener\" href=\"https:\/\/judentum.hagalil.com\/bechaaloteicha-und-es-geschah-wenn-die-lade-aufbrach\/\" target=\"_blank\"><strong>\u00bbUnd es geschah, wenn die Lade aufbrach\u00ab<\/strong> <\/a>Von Nechama Leibowitz hagalil.com<\/li><\/ul>\n\n\n\n<h2 class=\"wp-block-heading\">Haftarah<\/h2>\n\n\n\n<p><em>Fast alle Minhagim<\/em>: Zecharjah <a href=\"https:\/\/www.talmud.de\/tlmd\/tanach\/zecharjah\/#kapitel-2\">2,14 \u2013 4,7<\/a><br><em>Jemenitisch<\/em>: Zecharjah <a href=\"https:\/\/www.talmud.de\/tlmd\/tanach\/zecharjah\/#kapitel-2\">2,14 \u2013 4,9<\/a><\/p>\n\n\n\n<div class=\"wp-block-group\"><div class=\"wp-block-group__inner-container is-layout-flow wp-block-group-is-layout-flow\">\n<div class=\"wp-block-columns is-layout-flex wp-container-core-columns-is-layout-1 wp-block-columns-is-layout-flex\">\n<div class=\"wp-block-column is-layout-flow wp-block-column-is-layout-flow\" style=\"flex-basis:33.33%\">\n<figure class=\"wp-block-image size-large\"><a href=\"https:\/\/www.talmud.de\/tlmd\/zum-wochenabschnitt\/\"><img data-recalc-dims=\"1\" loading=\"lazy\" decoding=\"async\" width=\"89\" height=\"81\" src=\"https:\/\/i0.wp.com\/www.talmud.de\/tlmd\/wp-content\/uploads\/2021\/03\/torah_rolle_80.png?resize=89%2C81&#038;ssl=1\" alt=\"\" class=\"wp-image-7253\"\/><\/a><\/figure>\n<\/div>\n\n\n\n<div class=\"wp-block-column is-layout-flow wp-block-column-is-layout-flow\" style=\"flex-basis:66.66%\">\n<p><a href=\"https:\/\/www.talmud.de\/tlmd\/zum-wochenabschnitt\/\"><img data-recalc-dims=\"1\" loading=\"lazy\" decoding=\"async\" width=\"33\" height=\"20\" class=\"wp-image-1962\" style=\"width: 33px;\" src=\"https:\/\/i0.wp.com\/www.talmud.de\/tlmd\/wp-content\/uploads\/2016\/02\/hand_talmudde.png?resize=33%2C20&#038;ssl=1\" alt=\"\"> <strong>Zur \u00dcbersicht \u00fcber die Wochenabschnitte<\/strong><\/a><\/p>\n<\/div>\n<\/div>\n\n\n\n<p><\/p>\n<\/div><\/div>\n","protected":false},"excerpt":{"rendered":"<p>Zusammenfassung BaMidbar 8,1\u201312,16Mit den Vorschriften f\u00fcr den Unterhalt des Lichts im Stiftszelt beginnt der Torahabschnitt dieser Woche und wendet sich dann anderen Vorschriften f\u00fcr die Lewiten zu. Es wird ein zweites Pessachfest f\u00fcr diejenigen eingef\u00fchrt, die im Monat Nissan Pessach nicht feiern konnten. Es wird geschildert, wie am Tag eine Wolke und nachts eine Feuers\u00e4ule Gottes Pr\u00e4senz am Stiftszelt anzeigt. Wenn die Wolke sich vom Stiftszelt entfernte, setzten auch die Kinder Israels ihren Zug fort. Diese beschweren sich bei Moses \u00fcber den Mangel an Fleisch. Gott sagt Moses, er solle einen \u00c4ltestenrat einberufen und sorgt mit Wachteln f\u00fcr Fleisch. Mirjam und Aharon reden schlecht \u00fcber Moses Ehefrau und beklagen sich, dass Gott nicht durch die beiden spricht. Mirjam wird daf\u00fcr mit Aussatz bestraft. Nach ihrer Heilung setzt sich der Zug durch die W\u00fcste fort. Torahabschnitt Text des Wochenabschnitts (Deutsch) Text des Wochenabschnitts&nbsp;talmud.de \u00dcbersetzung auf Sefaria&nbsp;&nbsp;Hebr\u00e4isch-Deutsch Abschnitt im Tikkun&nbsp; Zum Wochenabschnitt In die Mitte strahlen Was die Tora \u00fcber das Licht im Heiligtum vorschreibt Von Rabbiner Joel Berger J\u00fcdische Allgemeine Burn-out am Sinai Warum es Mosche &hellip;<\/p>\n","protected":false},"author":1,"featured_media":0,"parent":0,"menu_order":0,"comment_status":"closed","ping_status":"closed","template":"","meta":{"_themeisle_gutenberg_block_has_review":false,"footnotes":""},"class_list":["post-9084","page","type-page","status-publish","hentry"],"jetpack_sharing_enabled":true,"_links":{"self":[{"href":"https:\/\/www.talmud.de\/tlmd\/wp-json\/wp\/v2\/pages\/9084","targetHints":{"allow":["GET"]}}],"collection":[{"href":"https:\/\/www.talmud.de\/tlmd\/wp-json\/wp\/v2\/pages"}],"about":[{"href":"https:\/\/www.talmud.de\/tlmd\/wp-json\/wp\/v2\/types\/page"}],"author":[{"embeddable":true,"href":"https:\/\/www.talmud.de\/tlmd\/wp-json\/wp\/v2\/users\/1"}],"replies":[{"embeddable":true,"href":"https:\/\/www.talmud.de\/tlmd\/wp-json\/wp\/v2\/comments?post=9084"}],"version-history":[{"count":2,"href":"https:\/\/www.talmud.de\/tlmd\/wp-json\/wp\/v2\/pages\/9084\/revisions"}],"predecessor-version":[{"id":9203,"href":"https:\/\/www.talmud.de\/tlmd\/wp-json\/wp\/v2\/pages\/9084\/revisions\/9203"}],"wp:attachment":[{"href":"https:\/\/www.talmud.de\/tlmd\/wp-json\/wp\/v2\/media?parent=9084"}],"curies":[{"name":"wp","href":"https:\/\/api.w.org\/{rel}","templated":true}]}}