{"id":9141,"date":"2022-06-20T08:27:37","date_gmt":"2022-06-20T06:27:37","guid":{"rendered":"https:\/\/www.talmud.de\/tlmd\/?page_id=9141"},"modified":"2022-06-23T11:51:30","modified_gmt":"2022-06-23T09:51:30","slug":"zum-wochenabschnitt-schelach","status":"publish","type":"page","link":"https:\/\/www.talmud.de\/tlmd\/zum-wochenabschnitt-schelach\/","title":{"rendered":"Zum Wochenabschnitt Schelach"},"content":{"rendered":"\n<h2 class=\"wp-block-heading\">Zusammenfassung<\/h2>\n\n\n\n<p><em>BaMidbar <\/em>13,1\u201315,41<br>Zw\u00f6lf Kundschafter werden in das Land Kanaan gesendet. Sie sollen es auskundschaften. Zehn kehren mit einer erschreckenden Schilderung zur\u00fcck, lediglich Joschua und Kaleb schildern das Land positiv und erinnern an die g\u00f6ttliche Hilfe. Die Schilderung der Zehn wird aber mehr Glauben geschenkt und so \u00e4ngstigen sich die Israeliten. Moses kann erwirken, dass Gottes Strafe milder ausf\u00e4llt. Jedoch soll niemand der \u00c4gypten verlassen hat, auch das Land Israel betreten. Joschua und Kaleb wird dies hingegen gew\u00e4hrt. Moses gibt Gebote weiter, die sich auf das Challanehmen, die Beachtung des Schabbats, die Behandlung von Fremden und die Tzitzit beziehen.<\/p>\n\n\n\n<h2 class=\"wp-block-heading\">Torahabschnitt<\/h2>\n\n\n\n<ul class=\"wp-block-list\"><li><a href=\"https:\/\/www.talmud.de\/tlmd\/die-torah-eine-deutsche-uebersetzung\/die-torah-schlach-lecha\/\"><strong>Text des Wochenabschnitts (Deutsch)<\/strong><\/a><\/li><li><strong><a rel=\"noreferrer noopener\" href=\"https:\/\/www.sefaria.org\/Numbers.13.1?ven=Die_Heilige_Schrift,_trans._Dr._Simon_Bernfeld,_Berlin,_1902_-_German_[de]&amp;lang=bi&amp;with=Translations&amp;lang2=en\" target=\"_blank\">Text des Wochenabschnitts<\/a><\/strong>&nbsp;talmud.de \u00dcbersetzung auf Sefaria&nbsp;<img loading=\"lazy\" decoding=\"async\" width=\"20\" height=\"24\" src=\"https:\/\/i2.wp.com\/www.talmud.de\/tlmd\/wp-content\/uploads\/2021\/08\/sefaria_klein.png?resize=20%2C24&amp;ssl=1\" alt=\"Sefaria Logo\">&nbsp;Hebr\u00e4isch-Deutsch<\/li><li><strong><a rel=\"noreferrer noopener\" href=\"https:\/\/tikkun.io\/#\/p\/shlach\" target=\"_blank\">Abschnitt im Tikkun<\/a><\/strong>&nbsp;<img loading=\"lazy\" decoding=\"async\" width=\"41\" height=\"28\" src=\"https:\/\/i1.wp.com\/www.talmud.de\/tlmd\/wp-content\/uploads\/2020\/06\/tikkun_online_schriftwechsel.png?resize=41%2C28&amp;ssl=1\" alt=\"\"><\/li><\/ul>\n\n\n\n<h2 class=\"wp-block-heading\">Zum Wochenabschnitt<\/h2>\n\n\n\n<ul class=\"wp-block-list\"><li><strong><a rel=\"noreferrer noopener\" href=\"https:\/\/www.juedische-allgemeine.de\/religion\/angst-vor-der-selbststaendigkeit\/\" target=\"_blank\">Angst vor der Selbstst\u00e4ndigkeit<\/a><\/strong> Warum die Kundschafter den Einzug ins verhei\u00dfene Land vermeiden wollten Von Rabbiner Shimon Lang <em>J\u00fcdische Allgemeine<\/em><\/li><li><strong><a rel=\"noreferrer noopener\" href=\"https:\/\/www.juedische-allgemeine.de\/religion\/dass-ihr-sie-seht-und-euch-erinnert\/\" target=\"_blank\">\u00bbDass ihr sie seht und euch erinnert\u00ab<\/a><\/strong> Warum das Zizitgebot f\u00fcr alle 613 Gebote steht Von Rabbiner Salomon Almekias-Siegl <em>J\u00fcdische Allgemeine<\/em><\/li><li><strong><a rel=\"noreferrer noopener\" href=\"https:\/\/www.juedische-allgemeine.de\/religion\/alles-ist-bereitet-2\/\" target=\"_blank\">Alles ist bereitet <\/a><\/strong>Weil das Gelobte Land Israels Ankunft erwartete, fanden die Kundschafter riesige Fr\u00fcchte vor Von Rabbiner Jaron Engelmayer <em>J\u00fcdische Allgemeine<\/em><\/li><li><strong><a rel=\"noreferrer noopener\" href=\"https:\/\/www.juedische-allgemeine.de\/allgemein\/in-vino-veritas\/\" target=\"_blank\">In vino veritas<\/a><\/strong> Warum der Wein in der j\u00fcdischen Tradition so wichtig ist Von Marcus Schroll (<em>seligen Angedenkens<\/em>) <em>J\u00fcdische Allgemeine<\/em><\/li><li><strong><a rel=\"noreferrer noopener\" href=\"https:\/\/de.chabad.org\/parshah\/article_cdo\/aid\/690594\/jewish\/Theorie-und-Praxis.htm\" target=\"_blank\">Theorie und Praxis<\/a><\/strong> \u00a0Von Dr. William Stern.\u00a0<em>Chabad<\/em><\/li><li><strong><a rel=\"noreferrer noopener\" href=\"https:\/\/de.chabad.org\/parshah\/article_cdo\/aid\/690590\/jewish\/Die-richtige-Reihenfolge.htm\" target=\"_blank\">Die richtige Reihenfolge<\/a><\/strong> \u00a0Von Dr. William Stern.\u00a0<em>Chabad<\/em><\/li><li><strong><a rel=\"noreferrer noopener\" href=\"https:\/\/de.chabad.org\/parshah\/article_cdo\/aid\/690592\/jewish\/Die-Riesen-im-Lande.htm\" target=\"_blank\">Die Riesen im Lande<\/a><\/strong> \u00a0Von Dr. William Stern.\u00a0<em>Chabad<\/em><\/li><li><strong><a rel=\"noreferrer noopener\" href=\"https:\/\/judentum.hagalil.com\/sidrath-schlach-lecha\/\" target=\"_blank\">Hat G-tt seine Meinung ge\u00e4ndert?<\/a><\/strong> Von Nechama Leibowitz <em>hagalil.com<\/em><\/li><li><a href=\"https:\/\/media.rabbisacks.org\/20220621150029\/GERMAN-Shelach-Lecha.pdf\" target=\"_blank\" rel=\"noreferrer noopener\"><strong>Zusammentragen von Erinnerungen<\/strong> <img data-recalc-dims=\"1\" loading=\"lazy\" decoding=\"async\" width=\"24\" height=\"24\" class=\"wp-image-7992\" style=\"width: 24px;\" src=\"https:\/\/i0.wp.com\/www.talmud.de\/tlmd\/wp-content\/uploads\/2021\/10\/outline_picture_as_pdf_black_24dp.png?resize=24%2C24&#038;ssl=1\" alt=\"\"><\/a> Von Rabbiner Lord Jonathan Sacks (sel. Ang.)\u00a0<em>rabbisacks.org<\/em><\/li><\/ul>\n\n\n\n<h2 class=\"wp-block-heading\">Haftarah<\/h2>\n\n\n\n<p>Fast alle Minhagim: <a rel=\"noreferrer noopener\" href=\"https:\/\/www.talmud.de\/tlmd\/tanach\/jehoschua-das-buch-josua\/#Kapitel2\" target=\"_blank\">Jehoshua 2,1\u201324<\/a><br>Romaniotisch: <a href=\"https:\/\/www.talmud.de\/tlmd\/tanach\/jehoschua-das-buch-josua\/#Kapitel2\">Jehoshua 2,1\u201321<\/a><\/p>\n\n\n\n<div class=\"wp-block-group\"><div class=\"wp-block-group__inner-container is-layout-flow wp-block-group-is-layout-flow\">\n<div class=\"wp-block-columns is-layout-flex wp-container-core-columns-is-layout-1 wp-block-columns-is-layout-flex\">\n<div class=\"wp-block-column is-layout-flow wp-block-column-is-layout-flow\" style=\"flex-basis:33.33%\">\n<figure class=\"wp-block-image size-large\"><a href=\"https:\/\/www.talmud.de\/tlmd\/zum-wochenabschnitt\/\"><img data-recalc-dims=\"1\" loading=\"lazy\" decoding=\"async\" width=\"89\" height=\"81\" src=\"https:\/\/i0.wp.com\/www.talmud.de\/tlmd\/wp-content\/uploads\/2021\/03\/torah_rolle_80.png?resize=89%2C81&#038;ssl=1\" alt=\"\" class=\"wp-image-7253\"\/><\/a><\/figure>\n<\/div>\n\n\n\n<div class=\"wp-block-column is-layout-flow wp-block-column-is-layout-flow\" style=\"flex-basis:66.66%\">\n<p><a href=\"https:\/\/www.talmud.de\/tlmd\/zum-wochenabschnitt\/\"><img data-recalc-dims=\"1\" loading=\"lazy\" decoding=\"async\" width=\"33\" height=\"20\" class=\"wp-image-1962\" style=\"width: 33px;\" src=\"https:\/\/i0.wp.com\/www.talmud.de\/tlmd\/wp-content\/uploads\/2016\/02\/hand_talmudde.png?resize=33%2C20&#038;ssl=1\" alt=\"\"> <strong>Zur \u00dcbersicht \u00fcber die Wochenabschnitte<\/strong><\/a><\/p>\n<\/div>\n<\/div>\n\n\n\n<p><\/p>\n<\/div><\/div>\n","protected":false},"excerpt":{"rendered":"<p>Zusammenfassung BaMidbar 13,1\u201315,41Zw\u00f6lf Kundschafter werden in das Land Kanaan gesendet. Sie sollen es auskundschaften. Zehn kehren mit einer erschreckenden Schilderung zur\u00fcck, lediglich Joschua und Kaleb schildern das Land positiv und erinnern an die g\u00f6ttliche Hilfe. Die Schilderung der Zehn wird aber mehr Glauben geschenkt und so \u00e4ngstigen sich die Israeliten. Moses kann erwirken, dass Gottes Strafe milder ausf\u00e4llt. Jedoch soll niemand der \u00c4gypten verlassen hat, auch das Land Israel betreten. Joschua und Kaleb wird dies hingegen gew\u00e4hrt. Moses gibt Gebote weiter, die sich auf das Challanehmen, die Beachtung des Schabbats, die Behandlung von Fremden und die Tzitzit beziehen. Torahabschnitt Text des Wochenabschnitts (Deutsch) Text des Wochenabschnitts&nbsp;talmud.de \u00dcbersetzung auf Sefaria&nbsp;&nbsp;Hebr\u00e4isch-Deutsch Abschnitt im Tikkun&nbsp; Zum Wochenabschnitt Angst vor der Selbstst\u00e4ndigkeit Warum die Kundschafter den Einzug ins verhei\u00dfene Land vermeiden wollten Von Rabbiner Shimon Lang J\u00fcdische Allgemeine \u00bbDass ihr sie seht und euch erinnert\u00ab Warum das Zizitgebot f\u00fcr alle 613 Gebote steht Von Rabbiner Salomon Almekias-Siegl J\u00fcdische Allgemeine Alles ist bereitet Weil das Gelobte Land Israels Ankunft erwartete, fanden die Kundschafter riesige Fr\u00fcchte vor Von Rabbiner Jaron Engelmayer &hellip;<\/p>\n","protected":false},"author":1,"featured_media":0,"parent":0,"menu_order":0,"comment_status":"closed","ping_status":"closed","template":"","meta":{"_themeisle_gutenberg_block_has_review":false,"footnotes":""},"class_list":["post-9141","page","type-page","status-publish","hentry"],"jetpack_sharing_enabled":true,"_links":{"self":[{"href":"https:\/\/www.talmud.de\/tlmd\/wp-json\/wp\/v2\/pages\/9141","targetHints":{"allow":["GET"]}}],"collection":[{"href":"https:\/\/www.talmud.de\/tlmd\/wp-json\/wp\/v2\/pages"}],"about":[{"href":"https:\/\/www.talmud.de\/tlmd\/wp-json\/wp\/v2\/types\/page"}],"author":[{"embeddable":true,"href":"https:\/\/www.talmud.de\/tlmd\/wp-json\/wp\/v2\/users\/1"}],"replies":[{"embeddable":true,"href":"https:\/\/www.talmud.de\/tlmd\/wp-json\/wp\/v2\/comments?post=9141"}],"version-history":[{"count":2,"href":"https:\/\/www.talmud.de\/tlmd\/wp-json\/wp\/v2\/pages\/9141\/revisions"}],"predecessor-version":[{"id":9202,"href":"https:\/\/www.talmud.de\/tlmd\/wp-json\/wp\/v2\/pages\/9141\/revisions\/9202"}],"wp:attachment":[{"href":"https:\/\/www.talmud.de\/tlmd\/wp-json\/wp\/v2\/media?parent=9141"}],"curies":[{"name":"wp","href":"https:\/\/api.w.org\/{rel}","templated":true}]}}