{"id":9204,"date":"2022-06-23T12:32:04","date_gmt":"2022-06-23T10:32:04","guid":{"rendered":"https:\/\/www.talmud.de\/tlmd\/?page_id=9204"},"modified":"2022-06-28T10:56:13","modified_gmt":"2022-06-28T08:56:13","slug":"torah-der-woche","status":"publish","type":"page","link":"https:\/\/www.talmud.de\/tlmd\/torah-der-woche\/","title":{"rendered":"Torah der Woche"},"content":{"rendered":"\n<div class=\"wp-block-image\"><figure class=\"aligncenter size-large is-resized\"><img data-recalc-dims=\"1\" loading=\"lazy\" decoding=\"async\" src=\"https:\/\/i0.wp.com\/www.talmud.de\/tlmd\/wp-content\/uploads\/2022\/06\/to_pcast_800.png?resize=400%2C400&#038;ssl=1\" alt=\"\" class=\"wp-image-9205\" width=\"400\" height=\"400\" srcset=\"https:\/\/i0.wp.com\/www.talmud.de\/tlmd\/wp-content\/uploads\/2022\/06\/to_pcast_800.png?w=800&amp;ssl=1 800w, https:\/\/i0.wp.com\/www.talmud.de\/tlmd\/wp-content\/uploads\/2022\/06\/to_pcast_800.png?resize=300%2C300&amp;ssl=1 300w, https:\/\/i0.wp.com\/www.talmud.de\/tlmd\/wp-content\/uploads\/2022\/06\/to_pcast_800.png?resize=150%2C150&amp;ssl=1 150w, https:\/\/i0.wp.com\/www.talmud.de\/tlmd\/wp-content\/uploads\/2022\/06\/to_pcast_800.png?resize=768%2C768&amp;ssl=1 768w, https:\/\/i0.wp.com\/www.talmud.de\/tlmd\/wp-content\/uploads\/2022\/06\/to_pcast_800.png?resize=120%2C120&amp;ssl=1 120w\" sizes=\"auto, (max-width: 400px) 100vw, 400px\" \/><\/figure><\/div>\n\n\n\n<p>\u00bbTorah der Woche\u00ab ist DER Podcast um den Anschluss an den w\u00f6chentlichen Abschnitt der Torah nicht zu verlieren (was ist in dieser Woche ran? was muss ich wissen?). Es gibt eine Zusammenfassung der Paraschah (des Wochenabschnitts) und noch eine kurze Draschah, also ein paar Worte zum Inhalt. Durch den Podcast f\u00fchrt Chajm Guski.<\/p>\n\n\n\n<h2 class=\"wp-block-heading\">Die aktuellen Folgen<\/h2>\n\n\n<ul class=\"has-excerpts wp-block-rss\"><li class='wp-block-rss__item'><div class='wp-block-rss__item-title'><a href='https:\/\/podcasters.spotify.com\/pod\/show\/torah-der-woche\/episodes\/Torah-der-Woche--Waetchanan-e27cd0i'>Torah der Woche \u2013 Wa&#039;etchanan<\/a><\/div><div class=\"wp-block-rss__item-excerpt\">Wa&#039;etchanan wird am 29. Juli 2023 in den Synagogen gelesen. Ein Blick in den Wochenabschnitt f\u00fcr diejenigen, die wissen wollen, was in der aktuellen Paraschah passiert.<\/div><\/li><li class='wp-block-rss__item'><div class='wp-block-rss__item-title'><a href='https:\/\/podcasters.spotify.com\/pod\/show\/torah-der-woche\/episodes\/Torah-der-Woche--Dewarim-e26qar4'>Torah der Woche \u2013 Dewarim<\/a><\/div><div class=\"wp-block-rss__item-excerpt\">Mit der Lesung von Dewarim am 22. Juli 2023 beginnt das F\u00fcnfte Buch Mosche und der Schabbat \u00bbChazon\u00ab. Ein gemeinsamer Blick in einen Satz aus der Parascha.<\/div><\/li><li class='wp-block-rss__item'><div class='wp-block-rss__item-title'><a href='https:\/\/podcasters.spotify.com\/pod\/show\/torah-der-woche\/episodes\/Torah-der-Woche--Matot-Masej-e26opet'>Torah der Woche \u2013 Matot-Masej<\/a><\/div><div class=\"wp-block-rss__item-excerpt\">Am 15. Juli wird in den Synagogen der Abschnitt Matot-Masej gelesen. Die Auslegung bezieht sich in dieser Woche auf Gel\u00fcbde und Versprechungen im Allgemeinen. Wie man h\u00f6ren wird, ein zeitloses Thema.<\/div><\/li><li class='wp-block-rss__item'><div class='wp-block-rss__item-title'><a href='https:\/\/podcasters.spotify.com\/pod\/show\/torah-der-woche\/episodes\/Torah-der-Woche--Pinchas-e26h9f1'>Torah der Woche \u2013 Pinchas<\/a><\/div><div class=\"wp-block-rss__item-excerpt\">Am 8. Juli 2023 wird in den Synagogen der Wochenabschnitt Pinchas gelesen. Der Zusammenfassung der Paraschah folgt eine kurze Betrachtung eines Satzes.<\/div><\/li><li class='wp-block-rss__item'><div class='wp-block-rss__item-title'><a href='https:\/\/podcasters.spotify.com\/pod\/show\/torah-der-woche\/episodes\/Torah-der-Woche--Chukat-Balak-e267md9'>Torah der Woche \u2013 Chukat-Balak<\/a><\/div><div class=\"wp-block-rss__item-excerpt\">Am 1. Juli 2023 wird in den Synagogen der Doppelabschnitt Chukat-Balak gelesen. Bei \u00bbTorah der Woche\u00ab gibt es die Zusammenfassung und eine Betrachtung der Paraschah. Dieses Mal auch mit einem Seitenblick auf die Haftarah.<\/div><\/li><\/ul>\n\n\n<h2 class=\"wp-block-heading\">Der Feed<\/h2>\n\n\n\n<ul class=\"wp-block-list\"><li><strong>Adresse <\/strong>des <em><strong>Feeds<\/strong><\/em>: <a href=\"https:\/\/anchor.fm\/s\/7d6ab594\/podcast\/rss\">https:\/\/anchor.fm\/s\/7d6ab594\/podcast\/rss<\/a><\/li><li><strong>anchor.fm<\/strong> <a href=\"https:\/\/anchor.fm\/torah-der-woche\/\" target=\"_blank\" rel=\"noreferrer noopener\">anchor.fm\/torah-der-woche<\/a><\/li><li><strong>Apple Podcasts<\/strong>: <a rel=\"noreferrer noopener\" href=\"https:\/\/podcasts.apple.com\/de\/podcast\/torah-der-woche\/id1631789253\" target=\"_blank\">podcasts.apple.com\/de\/podcast\/torah-der-woche\/id1631789253<\/a><\/li><li><strong><a rel=\"noreferrer noopener\" href=\"https:\/\/music.amazon.de\/podcasts\/04b89dd6-11ad-4275-a668-fab7a09d1fb7\/torah-der-woche\" target=\"_blank\">Amazon Podcasts<\/a><\/strong><\/li><\/ul>\n\n\n\n<h2 class=\"wp-block-heading\">Informationen\/Wissenswertes<\/h2>\n\n\n\n<p><img data-recalc-dims=\"1\" loading=\"lazy\" decoding=\"async\" width=\"25\" height=\"15\" class=\"wp-image-3543\" style=\"width: 25px;\" src=\"https:\/\/i0.wp.com\/www.talmud.de\/tlmd\/wp-content\/uploads\/2018\/09\/hand_talmudde_klein.png?resize=25%2C15&#038;ssl=1\" alt=\"\"> <strong>Wer ist Chajm? <\/strong>Eine ausf\u00fchrliche <a href=\"https:\/\/www.sprachkasse.de\/blog\/uber\/\">Antwort gibt es hier<\/a>.<\/p>\n\n\n\n<p><img data-recalc-dims=\"1\" loading=\"lazy\" decoding=\"async\" width=\"25\" height=\"15\" class=\"wp-image-3543\" style=\"width: 25px;\" src=\"https:\/\/i0.wp.com\/www.talmud.de\/tlmd\/wp-content\/uploads\/2018\/09\/hand_talmudde_klein.png?resize=25%2C15&#038;ssl=1\" alt=\"\"><strong><a href=\"https:\/\/www.talmud.de\/tlmd\/zum-wochenabschnitt\/\">\u00dcbersicht \u00fcber alle Paraschot des Jahres<\/a><\/strong>, mit Verweisen auf den Originaltext und Links zu Texten \u00fcber die Paraschah auf verschiedenen anderen Seiten.<\/p>\n","protected":false},"excerpt":{"rendered":"<p>\u00bbTorah der Woche\u00ab ist DER Podcast um den Anschluss an den w\u00f6chentlichen Abschnitt der Torah nicht zu verlieren (was ist in dieser Woche ran? was muss ich wissen?). Es gibt eine Zusammenfassung der Paraschah (des Wochenabschnitts) und noch eine kurze Draschah, also ein paar Worte zum Inhalt. Durch den Podcast f\u00fchrt Chajm Guski. Die aktuellen Folgen Der Feed Adresse des Feeds: https:\/\/anchor.fm\/s\/7d6ab594\/podcast\/rss anchor.fm anchor.fm\/torah-der-woche Apple Podcasts: podcasts.apple.com\/de\/podcast\/torah-der-woche\/id1631789253 Amazon Podcasts Informationen\/Wissenswertes Wer ist Chajm? Eine ausf\u00fchrliche Antwort gibt es hier. \u00dcbersicht \u00fcber alle Paraschot des Jahres, mit Verweisen auf den Originaltext und Links zu Texten \u00fcber die Paraschah auf verschiedenen anderen Seiten.<\/p>\n","protected":false},"author":1,"featured_media":9205,"parent":0,"menu_order":0,"comment_status":"closed","ping_status":"closed","template":"","meta":{"_themeisle_gutenberg_block_has_review":false,"footnotes":""},"class_list":["post-9204","page","type-page","status-publish","has-post-thumbnail","hentry"],"jetpack_sharing_enabled":true,"_links":{"self":[{"href":"https:\/\/www.talmud.de\/tlmd\/wp-json\/wp\/v2\/pages\/9204","targetHints":{"allow":["GET"]}}],"collection":[{"href":"https:\/\/www.talmud.de\/tlmd\/wp-json\/wp\/v2\/pages"}],"about":[{"href":"https:\/\/www.talmud.de\/tlmd\/wp-json\/wp\/v2\/types\/page"}],"author":[{"embeddable":true,"href":"https:\/\/www.talmud.de\/tlmd\/wp-json\/wp\/v2\/users\/1"}],"replies":[{"embeddable":true,"href":"https:\/\/www.talmud.de\/tlmd\/wp-json\/wp\/v2\/comments?post=9204"}],"version-history":[{"count":2,"href":"https:\/\/www.talmud.de\/tlmd\/wp-json\/wp\/v2\/pages\/9204\/revisions"}],"predecessor-version":[{"id":9229,"href":"https:\/\/www.talmud.de\/tlmd\/wp-json\/wp\/v2\/pages\/9204\/revisions\/9229"}],"wp:featuredmedia":[{"embeddable":true,"href":"https:\/\/www.talmud.de\/tlmd\/wp-json\/wp\/v2\/media\/9205"}],"wp:attachment":[{"href":"https:\/\/www.talmud.de\/tlmd\/wp-json\/wp\/v2\/media?parent=9204"}],"curies":[{"name":"wp","href":"https:\/\/api.w.org\/{rel}","templated":true}]}}