{"id":9215,"date":"2022-06-27T14:15:26","date_gmt":"2022-06-27T12:15:26","guid":{"rendered":"https:\/\/www.talmud.de\/tlmd\/?page_id=9215"},"modified":"2022-06-30T09:00:34","modified_gmt":"2022-06-30T07:00:34","slug":"zum-wochenabschnitt-korach","status":"publish","type":"page","link":"https:\/\/www.talmud.de\/tlmd\/zum-wochenabschnitt-korach\/","title":{"rendered":"Zum Wochenabschnitt Korach"},"content":{"rendered":"\n<h2 class=\"wp-block-heading\">Zusammenfassung<\/h2>\n\n\n\n<p>BaMidbar 16,1\u201318,32<br>Die Paraschah dieser Woche hat ihren Namen von Korach erhalten. Korach und seine Anh\u00e4nger Datan und Abiram rebellierten gegen die Anf\u00fchrer Moses und Aaron. Gott selbst bestraft den Putschversuch und l\u00e4sst den Erdboden sowohl Korach, als auch seine Anh\u00e4nger und ihre Familien verschlingen. Andere Anh\u00e4nger Korachs werden durch ein himmlisches Feuer verzehrt. Dennoch herrscht Unmut unter den Israeliten \u2013 auf diesen folgt eine Seuche, die von Aaron beendet wird. Um seine Position an der Spitze zu verdeutlichen, sollen die Anf\u00fchrer jedes Stammes ihren Stab in das Stiftszelt bringen. Aarons Stab treibt dort Bl\u00fcten. Im Anschluss daran wird bestimmt, welche Aufgaben die Priester zuk\u00fcnftig haben werden.<\/p>\n\n\n\n<h2 class=\"wp-block-heading\">Torahabschnitt<\/h2>\n\n\n\n<ul class=\"wp-block-list\"><li><a href=\"https:\/\/www.talmud.de\/tlmd\/die-torah-eine-deutsche-uebersetzung\/die-torah-korach\/\"><strong>Text des Wochenabschnitts (Deutsch)<\/strong><\/a><\/li><li><strong><a rel=\"noreferrer noopener\" href=\"https:\/\/www.sefaria.org\/Numbers.16.1?ven=Die_Heilige_Schrift,_trans._Dr._Simon_Bernfeld,_Berlin,_1902_-_German_[de]&amp;lang=bi&amp;with=Translations&amp;lang2=en\" target=\"_blank\">Text des Wochenabschnitts<\/a><\/strong>&nbsp;talmud.de \u00dcbersetzung auf Sefaria&nbsp;<img loading=\"lazy\" decoding=\"async\" width=\"20\" height=\"24\" src=\"https:\/\/i2.wp.com\/www.talmud.de\/tlmd\/wp-content\/uploads\/2021\/08\/sefaria_klein.png?resize=20%2C24&amp;ssl=1\" alt=\"Sefaria Logo\">&nbsp;Hebr\u00e4isch-Deutsch<\/li><li><strong><a rel=\"noreferrer noopener\" href=\"https:\/\/tikkun.io\/#\/p\/korach\" target=\"_blank\">Abschnitt im Tikkun<\/a><\/strong>&nbsp;<img loading=\"lazy\" decoding=\"async\" width=\"41\" height=\"28\" src=\"https:\/\/i1.wp.com\/www.talmud.de\/tlmd\/wp-content\/uploads\/2020\/06\/tikkun_online_schriftwechsel.png?resize=41%2C28&amp;ssl=1\" alt=\"\"><\/li><\/ul>\n\n\n\n<h2 class=\"wp-block-heading\">Zum Wochenabschnitt<\/h2>\n\n\n\n<ul class=\"wp-block-list\"><li><strong><a rel=\"noreferrer noopener\" href=\"https:\/\/www.juedische-allgemeine.de\/religion\/opfer-des-neids\/\" target=\"_blank\">Opfer des Neids <\/a><\/strong>Warum Korach und seine Anh\u00e4nger gegen Mosche rebellierten Von Moshe Pitimaschwili <em>J\u00fcdische Allgemeine<\/em><\/li><li><strong><a rel=\"noreferrer noopener\" href=\"https:\/\/www.juedische-allgemeine.de\/religion\/vor-gott-sind-alle-gleich\/\" target=\"_blank\">Vor G-tt sind alle gleich<\/a><\/strong> Die Tora lehrt, dass kein Anf\u00fchrer sich \u00fcber das Volk erheben darf Von Yizhak Ahren <em>J\u00fcdische Allgemeine<\/em><\/li><li><strong><a rel=\"noreferrer noopener\" href=\"https:\/\/www.juedische-allgemeine.de\/religion\/lust-auf-zoff\/\" target=\"_blank\">Lust auf Zoff? <\/a><\/strong>Streit ist gut \u2013 aber er sollte nicht um seiner selbst willen gef\u00fchrt werden Von Rabbiner Aharon Ran Vernikovsky <em>J\u00fcdische Allgemeine<\/em><\/li><li><strong><a rel=\"noreferrer noopener\" href=\"https:\/\/www.juedische-allgemeine.de\/religion\/volksverfuehrer\/\" target=\"_blank\">Volksverf\u00fchrer<\/a> <\/strong>Die biblische Figur Korach kann als Vorbild f\u00fcr alle Populisten gesehen werden Von Rabbiner Joel Berger <em>J\u00fcdische Allgemeine<\/em><\/li><li><strong><a href=\"https:\/\/www.juedische-allgemeine.de\/religion\/augen-auf\/\" target=\"_blank\" rel=\"noreferrer noopener\">Augen auf!<\/a><\/strong> Die Geschichte von Korachs Komplott ermahnt uns, darauf achtzugeben, dass in der Mitte der Gemeinde nichts Schlechtes entsteht Von Chajm Guski <em>J\u00fcdische Allgemeine<\/em><\/li><li><strong><a rel=\"noreferrer noopener\" href=\"https:\/\/de.chabad.org\/parshah\/article_cdo\/aid\/529334\/jewish\/Medizin-und-Religion.htm\" target=\"_blank\">Medizin und Religion<\/a><\/strong>  Von Dr. William Stern.\u00a0<em>Chabad<\/em><\/li><li><strong><a rel=\"noreferrer noopener\" href=\"https:\/\/de.chabad.org\/parshah\/article_cdo\/aid\/689851\/jewish\/Trennung-und-Wiedervereinigung.htm\" target=\"_blank\">Trennung und Wiedervereinigung<\/a><\/strong> Von Dr. William Stern.\u00a0<em>Chabad<\/em><\/li><li><strong><a rel=\"noreferrer noopener\" href=\"https:\/\/judentum.hagalil.com\/sidrath-korach\/\" target=\"_blank\">Die Klagen der Rotte Korach<\/a><\/strong> Von Nechama Leibowitz hagalil.com<\/li><\/ul>\n\n\n\n<div class=\"wp-block-group\"><div class=\"wp-block-group__inner-container is-layout-flow wp-block-group-is-layout-flow\">\n<div class=\"wp-block-columns is-layout-flex wp-container-core-columns-is-layout-1 wp-block-columns-is-layout-flex\">\n<div class=\"wp-block-column is-layout-flow wp-block-column-is-layout-flow\" style=\"flex-basis:33.33%\">\n<figure class=\"wp-block-image size-large\"><a href=\"https:\/\/www.talmud.de\/tlmd\/zum-wochenabschnitt\/\"><img data-recalc-dims=\"1\" loading=\"lazy\" decoding=\"async\" width=\"89\" height=\"81\" src=\"https:\/\/i0.wp.com\/www.talmud.de\/tlmd\/wp-content\/uploads\/2021\/03\/torah_rolle_80.png?resize=89%2C81&#038;ssl=1\" alt=\"\" class=\"wp-image-7253\"\/><\/a><\/figure>\n<\/div>\n\n\n\n<div class=\"wp-block-column is-layout-flow wp-block-column-is-layout-flow\" style=\"flex-basis:66.66%\">\n<p><a href=\"https:\/\/www.talmud.de\/tlmd\/zum-wochenabschnitt\/\"><img data-recalc-dims=\"1\" loading=\"lazy\" decoding=\"async\" width=\"33\" height=\"20\" class=\"wp-image-1962\" style=\"width: 33px;\" src=\"https:\/\/i0.wp.com\/www.talmud.de\/tlmd\/wp-content\/uploads\/2016\/02\/hand_talmudde.png?resize=33%2C20&#038;ssl=1\" alt=\"\"> <strong>Zur \u00dcbersicht \u00fcber die Wochenabschnitte<\/strong><\/a><\/p>\n<\/div>\n<\/div>\n\n\n\n<p><\/p>\n<\/div><\/div>\n","protected":false},"excerpt":{"rendered":"<p>Zusammenfassung BaMidbar 16,1\u201318,32Die Paraschah dieser Woche hat ihren Namen von Korach erhalten. Korach und seine Anh\u00e4nger Datan und Abiram rebellierten gegen die Anf\u00fchrer Moses und Aaron. Gott selbst bestraft den Putschversuch und l\u00e4sst den Erdboden sowohl Korach, als auch seine Anh\u00e4nger und ihre Familien verschlingen. Andere Anh\u00e4nger Korachs werden durch ein himmlisches Feuer verzehrt. Dennoch herrscht Unmut unter den Israeliten \u2013 auf diesen folgt eine Seuche, die von Aaron beendet wird. Um seine Position an der Spitze zu verdeutlichen, sollen die Anf\u00fchrer jedes Stammes ihren Stab in das Stiftszelt bringen. Aarons Stab treibt dort Bl\u00fcten. Im Anschluss daran wird bestimmt, welche Aufgaben die Priester zuk\u00fcnftig haben werden. Torahabschnitt Text des Wochenabschnitts (Deutsch) Text des Wochenabschnitts&nbsp;talmud.de \u00dcbersetzung auf Sefaria&nbsp;&nbsp;Hebr\u00e4isch-Deutsch Abschnitt im Tikkun&nbsp; Zum Wochenabschnitt Opfer des Neids Warum Korach und seine Anh\u00e4nger gegen Mosche rebellierten Von Moshe Pitimaschwili J\u00fcdische Allgemeine Vor G-tt sind alle gleich Die Tora lehrt, dass kein Anf\u00fchrer sich \u00fcber das Volk erheben darf Von Yizhak Ahren J\u00fcdische Allgemeine Lust auf Zoff? Streit ist gut \u2013 aber er sollte nicht um seiner selbst &hellip;<\/p>\n","protected":false},"author":1,"featured_media":0,"parent":0,"menu_order":0,"comment_status":"closed","ping_status":"closed","template":"","meta":{"_themeisle_gutenberg_block_has_review":false,"footnotes":""},"class_list":["post-9215","page","type-page","status-publish","hentry"],"jetpack_sharing_enabled":true,"_links":{"self":[{"href":"https:\/\/www.talmud.de\/tlmd\/wp-json\/wp\/v2\/pages\/9215","targetHints":{"allow":["GET"]}}],"collection":[{"href":"https:\/\/www.talmud.de\/tlmd\/wp-json\/wp\/v2\/pages"}],"about":[{"href":"https:\/\/www.talmud.de\/tlmd\/wp-json\/wp\/v2\/types\/page"}],"author":[{"embeddable":true,"href":"https:\/\/www.talmud.de\/tlmd\/wp-json\/wp\/v2\/users\/1"}],"replies":[{"embeddable":true,"href":"https:\/\/www.talmud.de\/tlmd\/wp-json\/wp\/v2\/comments?post=9215"}],"version-history":[{"count":2,"href":"https:\/\/www.talmud.de\/tlmd\/wp-json\/wp\/v2\/pages\/9215\/revisions"}],"predecessor-version":[{"id":9230,"href":"https:\/\/www.talmud.de\/tlmd\/wp-json\/wp\/v2\/pages\/9215\/revisions\/9230"}],"wp:attachment":[{"href":"https:\/\/www.talmud.de\/tlmd\/wp-json\/wp\/v2\/media?parent=9215"}],"curies":[{"name":"wp","href":"https:\/\/api.w.org\/{rel}","templated":true}]}}