{"id":9599,"date":"2023-08-04T08:07:33","date_gmt":"2023-08-04T06:07:33","guid":{"rendered":"https:\/\/www.talmud.de\/tlmd\/?page_id=9599"},"modified":"2024-08-20T11:55:14","modified_gmt":"2024-08-20T09:55:14","slug":"zum-wochenabschnitt-ekew","status":"publish","type":"page","link":"https:\/\/www.talmud.de\/tlmd\/zum-wochenabschnitt-ekew\/","title":{"rendered":"Zum Wochenabschnitt Ekew"},"content":{"rendered":"<div class=\"wp-block-image\">\n<figure class=\"aligncenter size-full\"><a href=\"https:\/\/i0.wp.com\/www.talmud.de\/tlmd\/wp-content\/uploads\/2021\/03\/torah_rolle.png?ssl=1\"><img data-recalc-dims=\"1\" loading=\"lazy\" decoding=\"async\" width=\"269\" height=\"245\" src=\"https:\/\/i0.wp.com\/www.talmud.de\/tlmd\/wp-content\/uploads\/2021\/03\/torah_rolle.png?resize=269%2C245&#038;ssl=1\" alt=\"\" class=\"wp-image-7257\"\/><\/a><\/figure><\/div>\n\n\n<h2 class=\"wp-block-heading\">Zusammenfassung<\/h2>\n\n\n\n<p><em>Dewarim 7,12\u201311,25<\/em><br>Ekew z\u00e4hlt die Folgen des Gehorsams der Kinder Israels G-tt gegen\u00fcber auf. Sollten sie die Mitzwot befolgen, so w\u00fcrden die V\u00f6lker auf der anderen Seite des <em>Jarden <\/em>friedlich bleiben. Sollten die Kinder Israels nach den Mitzwot leben, so w\u00fcrde sich auch materieller Fortschritt einstellen. Dagegen wird aber auch betont, dass die bisherigen Bewohner des Landes dieses verlassen m\u00fcssen, weil sie G\u00f6tzen gedient haben. Nicht, weil die Israeliten \u00fcberm\u00e4\u00dfig rechtschaffend w\u00e4ren. <br>Um dies zu verdeutlichen, erinnert Mosche an die Verfehlungen der Kinder Israels G-tt gegen\u00fcber. <br>Am Ende des Abschnitts verspricht Mosche, dass das Land Israel vor Milch und Honig \u00fcberflie\u00dfen werde, wenn Gottes Gebote beachtet werden und an die Kinder weitergegeben werden w\u00fcrden.<\/p>\n\n\n\n<h2 class=\"wp-block-heading\">Torahabschnitt<\/h2>\n\n\n\n<ul class=\"wp-block-list\">\n<li><a href=\"https:\/\/www.talmud.de\/tlmd\/die-torah-eine-deutsche-uebersetzung\/die-torah-ekew\/\">Text des Abschnitts Ekew <\/a>(Deutsch)<\/li>\n\n\n\n<li><a href=\"https:\/\/www.sefaria.org\/Deuteronomy.7.12?ven=Die_Heilige_Schrift,_trans._Dr._Simon_Bernfeld,_Berlin,_1902_-_German_[de]&amp;lang=bi&amp;with=all&amp;lang2=en\" target=\"_blank\" rel=\"noreferrer noopener\">Text des Abschnitts Ekew (Hebr\u00e4isch-Deutsch)<\/a><\/li>\n\n\n\n<li><a rel=\"noreferrer noopener\" href=\"https:\/\/tikkun.io\/#\/p\/eikev\" target=\"_blank\">Text von Ekew im Tikkun<\/a> <img data-recalc-dims=\"1\" loading=\"lazy\" decoding=\"async\" width=\"41\" height=\"28\" class=\"wp-image-5932\" style=\"width: 41px;\" src=\"https:\/\/i0.wp.com\/www.talmud.de\/tlmd\/wp-content\/uploads\/2020\/06\/tikkun_online_schriftwechsel.png?resize=41%2C28&#038;ssl=1\" alt=\"\"><\/li>\n<\/ul>\n\n\n\n<p>Zum Wochenabschnitt<\/p>\n\n\n\n<ul class=\"wp-block-list\">\n<li><strong><a href=\"https:\/\/www.talmud.de\/tlmd\/rabbiner-behrens-zum-schabbat-ekew\/\">Rabbiner Behrens (F\u00fcrth)<\/a><\/strong> zum Schabbat Ekew<\/li>\n\n\n\n<li><strong>Hagalil.com<\/strong>\n<ul class=\"wp-block-list\">\n<li><strong><a href=\"https:\/\/judentum.hagalil.com\/sidrath-ekew\/\" target=\"_blank\" rel=\"noreferrer noopener\">Die Pr\u00fcfung des Man<\/a><\/strong> Von Nechama Leibowitz<\/li>\n<\/ul>\n<\/li>\n\n\n\n<li><strong>J\u00fcdische Allgemeine<\/strong>\n<ul class=\"wp-block-list\">\n<li><strong><a href=\"https:\/\/www.juedische-allgemeine.de\/religion\/halacha-und-individualitaet\/\" target=\"_blank\" rel=\"noreferrer noopener\">Halacha und Individualit\u00e4t<\/a><\/strong> Auch wenn wir nicht in der Lage sind, alle Gebote zu halten, sollten wir versuchen, das uns M\u00f6gliche zu tun <em>Von Vyacheslav Dobrovych<\/em><\/li>\n\n\n\n<li><strong><a href=\"https:\/\/www.juedische-allgemeine.de\/religion\/freier-wille\/\" target=\"_blank\" rel=\"noreferrer noopener\">Freier Wille<\/a><\/strong> Der Ewige hat dem Menschen die F\u00e4higkeit gegeben, Gut und B\u00f6se zu unterscheiden <em>Von Jakov Nektalov<\/em><\/li>\n\n\n\n<li><strong><a href=\"https:\/\/www.juedische-allgemeine.de\/religion\/kraftquelle\/\" target=\"_blank\" rel=\"noreferrer noopener\">Kraftquelle<\/a> <\/strong>Der Mensch sollte niemals vergessen, dass er all seine Erfolge der Hilfe des Allm\u00e4chtigen verdankt <em>Von Rabbiner Avichai Apel<\/em><\/li>\n\n\n\n<li><strong><a href=\"https:\/\/www.juedische-allgemeine.de\/religion\/schmuck-zwischen-den-augen\/\" target=\"_blank\" rel=\"noreferrer noopener\">\u00bbSchmuck zwischen den Augen\u00ab<\/a><\/strong> F\u00fcr Herstellung und Tragen der Tefillin gelten feste Regeln. Nur manche davon stehen in der Tora <em>Von Rabbiner Mendel Itkin<\/em><\/li>\n\n\n\n<li><strong><a href=\"https:\/\/www.juedische-allgemeine.de\/religion\/bleibt-der-lehre-treu\/\" target=\"_blank\" rel=\"noreferrer noopener\">Bleibt der Lehre treu!<\/a><\/strong> Vor seinem Tod ermahnte Mosche das Volk, die Grunds\u00e4tze der Tora zu bewahren <em>Von Rabbiner Joel Berger<\/em><\/li>\n\n\n\n<li><strong><a href=\"https:\/\/www.juedische-allgemeine.de\/religion\/triumph-des-spirituellen\/\" data-type=\"link\" data-id=\"https:\/\/www.juedische-allgemeine.de\/religion\/triumph-des-spirituellen\/\" target=\"_blank\" rel=\"noreferrer noopener\">Triumph des Spirituellen<\/a><\/strong> Warum Jakow nach seinem Kampf mit dem Engel den Namen Israel erh\u00e4lt <em>Von Elie Dues<\/em><\/li>\n<\/ul>\n<\/li>\n<\/ul>\n\n\n\n<div class=\"wp-block-group\"><div class=\"wp-block-group__inner-container is-layout-flow wp-block-group-is-layout-flow\">\n<div class=\"wp-block-columns is-layout-flex wp-container-core-columns-is-layout-1 wp-block-columns-is-layout-flex\">\n<div class=\"wp-block-column is-layout-flow wp-block-column-is-layout-flow\" style=\"flex-basis:33.33%\">\n<figure class=\"wp-block-image size-large\"><a href=\"https:\/\/www.talmud.de\/tlmd\/zum-wochenabschnitt\/\"><img data-recalc-dims=\"1\" loading=\"lazy\" decoding=\"async\" width=\"89\" height=\"81\" src=\"https:\/\/i0.wp.com\/www.talmud.de\/tlmd\/wp-content\/uploads\/2021\/03\/torah_rolle_80.png?resize=89%2C81&#038;ssl=1\" alt=\"\" class=\"wp-image-7253\"\/><\/a><\/figure>\n<\/div>\n\n\n\n<div class=\"wp-block-column is-layout-flow wp-block-column-is-layout-flow\" style=\"flex-basis:66.66%\">\n<p><a href=\"https:\/\/www.talmud.de\/tlmd\/zum-wochenabschnitt\/\"><img data-recalc-dims=\"1\" loading=\"lazy\" decoding=\"async\" width=\"33\" height=\"20\" class=\"wp-image-1962\" style=\"width: 33px;\" src=\"https:\/\/i0.wp.com\/www.talmud.de\/tlmd\/wp-content\/uploads\/2016\/02\/hand_talmudde.png?resize=33%2C20&#038;ssl=1\" alt=\"\"> <strong>Zur \u00dcbersicht \u00fcber die Wochenabschnitte<\/strong><\/a><\/p>\n<\/div>\n<\/div>\n\n\n\n<p><\/p>\n<\/div><\/div>\n","protected":false},"excerpt":{"rendered":"<p>Zusammenfassung Dewarim 7,12\u201311,25Ekew z\u00e4hlt die Folgen des Gehorsams der Kinder Israels G-tt gegen\u00fcber auf. Sollten sie die Mitzwot befolgen, so w\u00fcrden die V\u00f6lker auf der anderen Seite des Jarden friedlich bleiben. Sollten die Kinder Israels nach den Mitzwot leben, so w\u00fcrde sich auch materieller Fortschritt einstellen. Dagegen wird aber auch betont, dass die bisherigen Bewohner des Landes dieses verlassen m\u00fcssen, weil sie G\u00f6tzen gedient haben. Nicht, weil die Israeliten \u00fcberm\u00e4\u00dfig rechtschaffend w\u00e4ren. Um dies zu verdeutlichen, erinnert Mosche an die Verfehlungen der Kinder Israels G-tt gegen\u00fcber. Am Ende des Abschnitts verspricht Mosche, dass das Land Israel vor Milch und Honig \u00fcberflie\u00dfen werde, wenn Gottes Gebote beachtet werden und an die Kinder weitergegeben werden w\u00fcrden. Torahabschnitt Zum Wochenabschnitt<\/p>\n","protected":false},"author":1,"featured_media":7257,"parent":0,"menu_order":0,"comment_status":"closed","ping_status":"closed","template":"","meta":{"_themeisle_gutenberg_block_has_review":false,"footnotes":""},"class_list":["post-9599","page","type-page","status-publish","has-post-thumbnail","hentry"],"jetpack_sharing_enabled":true,"_links":{"self":[{"href":"https:\/\/www.talmud.de\/tlmd\/wp-json\/wp\/v2\/pages\/9599","targetHints":{"allow":["GET"]}}],"collection":[{"href":"https:\/\/www.talmud.de\/tlmd\/wp-json\/wp\/v2\/pages"}],"about":[{"href":"https:\/\/www.talmud.de\/tlmd\/wp-json\/wp\/v2\/types\/page"}],"author":[{"embeddable":true,"href":"https:\/\/www.talmud.de\/tlmd\/wp-json\/wp\/v2\/users\/1"}],"replies":[{"embeddable":true,"href":"https:\/\/www.talmud.de\/tlmd\/wp-json\/wp\/v2\/comments?post=9599"}],"version-history":[{"count":2,"href":"https:\/\/www.talmud.de\/tlmd\/wp-json\/wp\/v2\/pages\/9599\/revisions"}],"predecessor-version":[{"id":10053,"href":"https:\/\/www.talmud.de\/tlmd\/wp-json\/wp\/v2\/pages\/9599\/revisions\/10053"}],"wp:featuredmedia":[{"embeddable":true,"href":"https:\/\/www.talmud.de\/tlmd\/wp-json\/wp\/v2\/media\/7257"}],"wp:attachment":[{"href":"https:\/\/www.talmud.de\/tlmd\/wp-json\/wp\/v2\/media?parent=9599"}],"curies":[{"name":"wp","href":"https:\/\/api.w.org\/{rel}","templated":true}]}}