{"id":9616,"date":"2023-08-06T01:17:52","date_gmt":"2023-08-05T23:17:52","guid":{"rendered":"https:\/\/www.talmud.de\/tlmd\/?page_id=9616"},"modified":"2024-08-20T11:58:53","modified_gmt":"2024-08-20T09:58:53","slug":"zum-wochenabschnitt-reeh","status":"publish","type":"page","link":"https:\/\/www.talmud.de\/tlmd\/zum-wochenabschnitt-reeh\/","title":{"rendered":"Zum Wochenabschnitt Re\u2019eh"},"content":{"rendered":"<div class=\"wp-block-image\">\n<figure class=\"aligncenter size-full\"><a href=\"https:\/\/i0.wp.com\/www.talmud.de\/tlmd\/wp-content\/uploads\/2021\/03\/torah_rolle.png?ssl=1\"><img data-recalc-dims=\"1\" loading=\"lazy\" decoding=\"async\" width=\"269\" height=\"245\" src=\"https:\/\/i0.wp.com\/www.talmud.de\/tlmd\/wp-content\/uploads\/2021\/03\/torah_rolle.png?resize=269%2C245&#038;ssl=1\" alt=\"\" class=\"wp-image-7257\"\/><\/a><\/figure><\/div>\n\n\n<h2 class=\"wp-block-heading\">Zusammenfassung<\/h2>\n\n\n\n<p><em>Dewarim<\/em> 11,26\u201316,17<br>Im Abschnitt dieser Woche wird den Kindern Israels Segen und Fluch vorgelegt. <br>Es wird ihnen offenbart, dass sie sich selber f\u00fcr Segen und Fluch entscheiden k\u00f6nnten. <br>Die Befolgung der Mitzwot f\u00fchre zum Segen. Anschlie\u00dfend folgen Anweisungen zur zentralen Darbringung der Opfer, zum Erkennen falscher Propheten, koscherer Tiere, zum Erlassjahr und der Behandlung hebr\u00e4ischer Sklaven. <br>Den Abschluss bilden Opferverordnungen f\u00fcr die drei Wallfahrtsfeste Pessach, Sukkot und Schawuot.<\/p>\n\n\n\n<h2 class=\"wp-block-heading\">Torahabschnitt<\/h2>\n\n\n\n<ul class=\"wp-block-list\">\n<li><a href=\"https:\/\/www.talmud.de\/tlmd\/die-torah-eine-deutsche-uebersetzung\/die-torah-reeh\/\"><strong>Text des Abschnitts Re&#8217;eh<\/strong> (Deutsch)<\/a><\/li>\n\n\n\n<li><a rel=\"noreferrer noopener\" href=\"https:\/\/www.sefaria.org\/Deuteronomy.11.26?ven=Die_Heilige_Schrift,_trans._Dr._Simon_Bernfeld,_Berlin,_1902_-_German_[de]&amp;lang=bi&amp;aliyot=0\" target=\"_blank\"><strong>Text des Abschnitts Re&#8217;eh<\/strong><\/a>&nbsp;(Deutsch-Hebr\u00e4isch), talmud.de \u00dcbersetzung auf&nbsp;<em>Sefaria<\/em> <img data-recalc-dims=\"1\" loading=\"lazy\" decoding=\"async\" width=\"12\" height=\"14\" class=\"wp-image-7704\" style=\"width: 12px;\" src=\"https:\/\/i0.wp.com\/www.talmud.de\/tlmd\/wp-content\/uploads\/2021\/08\/sefaria_klein.png?resize=12%2C14&#038;ssl=1\" alt=\"Sefaria Logo\"><\/li>\n\n\n\n<li><a rel=\"noreferrer noopener\" href=\"https:\/\/tikkun.io\/#\/p\/reeh\" target=\"_blank\"><strong>Abschnitt im Tikkun<\/strong> <img data-recalc-dims=\"1\" loading=\"lazy\" decoding=\"async\" width=\"20\" height=\"14\" class=\"wp-image-5932\" style=\"width: 20px;\" src=\"https:\/\/i0.wp.com\/www.talmud.de\/tlmd\/wp-content\/uploads\/2020\/06\/tikkun_online_schriftwechsel.png?resize=20%2C14&#038;ssl=1\" alt=\"\"><\/a><\/li>\n<\/ul>\n\n\n\n<h2 class=\"wp-block-heading\">Zum Wochenabschnitt<\/h2>\n\n\n\n<ul class=\"wp-block-list\">\n<li><strong>J\u00fcdische Allgemeine<\/strong>\n<ul class=\"wp-block-list\">\n<li><strong><a href=\"https:\/\/www.juedische-allgemeine.de\/religion\/treife-seelen\/\" target=\"_blank\" rel=\"noreferrer noopener\">Treife Seelen<\/a><\/strong> Warum manche Menschen in allem nur das Schlechte sehen Von Rabbiner Yehuda Teichtal <\/li>\n\n\n\n<li><strong><a href=\"https:\/\/www.juedische-allgemeine.de\/religion\/ich-anochi-der-ewige\/\" target=\"_blank\" rel=\"noreferrer noopener\">\u00bbIch, Anochi, der Ewige\u00ab<\/a><\/strong> Warum das wichtigste Wort der Tora ausgerechnet ein \u00e4gyptisches ist Von Vyacheslav Dobrovych<\/li>\n\n\n\n<li><strong><a href=\"https:\/\/www.juedische-allgemeine.de\/religion\/genuss-mit-regeln\/\" target=\"_blank\" rel=\"noreferrer noopener\">Genuss mit Regeln<\/a> <\/strong>Der Mensch kann seinen Trieb nicht beherrschen. Deshalb wurde ihm erlaubt, Fleisch zu essen Von Rabbiner Avichai Apel<\/li>\n\n\n\n<li><strong><a href=\"https:\/\/www.juedische-allgemeine.de\/religion\/irgendeiner-deiner-brueder\/\" target=\"_blank\" rel=\"noreferrer noopener\">\u00bbIrgendeiner deiner Br\u00fcder\u00ab<\/a><\/strong> Die Tora lehrt, dass wir uns zuerst um unsere Angeh\u00f6rigen k\u00fcmmern sollen und erst danach um Fremde Von Yakov Nektalov<\/li>\n<\/ul>\n<\/li>\n\n\n\n<li><strong>Chabad<\/strong>\n<ul class=\"wp-block-list\">\n<li><a href=\"https:\/\/de.chabad.org\/parshah\/article_cdo\/aid\/529405\/jewish\/Die-Riemen-der-Tefillin.htm\" target=\"_blank\" rel=\"noreferrer noopener\"><strong>Die Riemen der Tefillin<\/strong><\/a> von Dr. William Stern<\/li>\n\n\n\n<li><strong><a href=\"https:\/\/de.chabad.org\/parshah\/article_cdo\/aid\/702409\/jewish\/Das-Kind-ruft.htm\" target=\"_blank\" rel=\"noreferrer noopener\">Das Kind ruft<\/a><\/strong> von Dr. William Stern<\/li>\n<\/ul>\n<\/li>\n\n\n\n<li><strong>hagalil.com<\/strong>\n<ul class=\"wp-block-list\">\n<li><strong><a href=\"https:\/\/judentum.hagalil.com\/sidrath-reeh\/\" target=\"_blank\" rel=\"noreferrer noopener\">Sidrath Re\u2019eh: Ich lege euch den Segen vor<\/a><\/strong> Von Nechama Leibowitz<\/li>\n<\/ul>\n<\/li>\n<\/ul>\n\n\n\n<div class=\"wp-block-group\"><div class=\"wp-block-group__inner-container is-layout-flow wp-block-group-is-layout-flow\">\n<div class=\"wp-block-columns is-layout-flex wp-container-core-columns-is-layout-1 wp-block-columns-is-layout-flex\">\n<div class=\"wp-block-column is-layout-flow wp-block-column-is-layout-flow\" style=\"flex-basis:33.33%\">\n<figure class=\"wp-block-image size-large\"><a href=\"https:\/\/www.talmud.de\/tlmd\/zum-wochenabschnitt\/\"><img data-recalc-dims=\"1\" loading=\"lazy\" decoding=\"async\" width=\"89\" height=\"81\" src=\"https:\/\/i0.wp.com\/www.talmud.de\/tlmd\/wp-content\/uploads\/2021\/03\/torah_rolle_80.png?resize=89%2C81&#038;ssl=1\" alt=\"\" class=\"wp-image-7253\"\/><\/a><\/figure>\n<\/div>\n\n\n\n<div class=\"wp-block-column is-layout-flow wp-block-column-is-layout-flow\" style=\"flex-basis:66.66%\">\n<p><a href=\"https:\/\/www.talmud.de\/tlmd\/zum-wochenabschnitt\/\"><img data-recalc-dims=\"1\" loading=\"lazy\" decoding=\"async\" width=\"33\" height=\"20\" class=\"wp-image-1962\" style=\"width: 33px;\" src=\"https:\/\/i0.wp.com\/www.talmud.de\/tlmd\/wp-content\/uploads\/2016\/02\/hand_talmudde.png?resize=33%2C20&#038;ssl=1\" alt=\"\"> <strong>Zur \u00dcbersicht \u00fcber die Wochenabschnitte<\/strong><\/a><\/p>\n<\/div>\n<\/div>\n\n\n\n<p><\/p>\n<\/div><\/div>\n","protected":false},"excerpt":{"rendered":"<p>Zusammenfassung Dewarim 11,26\u201316,17Im Abschnitt dieser Woche wird den Kindern Israels Segen und Fluch vorgelegt. Es wird ihnen offenbart, dass sie sich selber f\u00fcr Segen und Fluch entscheiden k\u00f6nnten. Die Befolgung der Mitzwot f\u00fchre zum Segen. Anschlie\u00dfend folgen Anweisungen zur zentralen Darbringung der Opfer, zum Erkennen falscher Propheten, koscherer Tiere, zum Erlassjahr und der Behandlung hebr\u00e4ischer Sklaven. Den Abschluss bilden Opferverordnungen f\u00fcr die drei Wallfahrtsfeste Pessach, Sukkot und Schawuot. Torahabschnitt Zum Wochenabschnitt<\/p>\n","protected":false},"author":1,"featured_media":7257,"parent":0,"menu_order":0,"comment_status":"closed","ping_status":"closed","template":"","meta":{"_themeisle_gutenberg_block_has_review":false,"footnotes":""},"class_list":["post-9616","page","type-page","status-publish","has-post-thumbnail","hentry"],"jetpack_sharing_enabled":true,"_links":{"self":[{"href":"https:\/\/www.talmud.de\/tlmd\/wp-json\/wp\/v2\/pages\/9616","targetHints":{"allow":["GET"]}}],"collection":[{"href":"https:\/\/www.talmud.de\/tlmd\/wp-json\/wp\/v2\/pages"}],"about":[{"href":"https:\/\/www.talmud.de\/tlmd\/wp-json\/wp\/v2\/types\/page"}],"author":[{"embeddable":true,"href":"https:\/\/www.talmud.de\/tlmd\/wp-json\/wp\/v2\/users\/1"}],"replies":[{"embeddable":true,"href":"https:\/\/www.talmud.de\/tlmd\/wp-json\/wp\/v2\/comments?post=9616"}],"version-history":[{"count":1,"href":"https:\/\/www.talmud.de\/tlmd\/wp-json\/wp\/v2\/pages\/9616\/revisions"}],"predecessor-version":[{"id":10055,"href":"https:\/\/www.talmud.de\/tlmd\/wp-json\/wp\/v2\/pages\/9616\/revisions\/10055"}],"wp:featuredmedia":[{"embeddable":true,"href":"https:\/\/www.talmud.de\/tlmd\/wp-json\/wp\/v2\/media\/7257"}],"wp:attachment":[{"href":"https:\/\/www.talmud.de\/tlmd\/wp-json\/wp\/v2\/media?parent=9616"}],"curies":[{"name":"wp","href":"https:\/\/api.w.org\/{rel}","templated":true}]}}