{"id":9714,"date":"2023-08-25T15:53:03","date_gmt":"2023-08-25T13:53:03","guid":{"rendered":"https:\/\/www.talmud.de\/tlmd\/?page_id=9714"},"modified":"2025-06-30T11:03:50","modified_gmt":"2025-06-30T09:03:50","slug":"zum-wochenabschnitt-chukat","status":"publish","type":"page","link":"https:\/\/www.talmud.de\/tlmd\/zum-wochenabschnitt-chukat\/","title":{"rendered":"Zum Wochenabschnitt Chukat"},"content":{"rendered":"\n<div class=\"wp-block-image\"><figure class=\"aligncenter size-large\"><img data-recalc-dims=\"1\" loading=\"lazy\" decoding=\"async\" width=\"269\" height=\"245\" src=\"https:\/\/i0.wp.com\/www.talmud.de\/tlmd\/wp-content\/uploads\/2021\/03\/torah_rolle.png?resize=269%2C245&#038;ssl=1\" alt=\"\" class=\"wp-image-7257\"\/><\/figure><\/div>\n\n\n\n\n\n\n<h2 class=\"wp-block-heading\">Zusammenfassung<\/h2>\n\n\n\n<p><em>BaMidbar<\/em> 19,1\u201322,1<\/p>\n\n\n\n<p>Der Wochenabschnitt dieser Woche berichtet zun\u00e4chst davon, dass die Asche einer roten Kuh Leichenunreinheit an Personen beseitigt. In der \u00bbWildnis von Zin\u00ab stirbt Mirjam und wird dort begraben. Im Volk herrscht Unzufriedenheit, man w\u00fcnscht sich Wasser. Moses \u00f6ffnet daraufhin eine Quelle aus einem Stein, aber nicht auf die Art und Weise, wie Gott dies gebot. Moses und Aaron wird er\u00f6ffnet, dass sie deshalb das Land Israel nicht betreten d\u00fcrften. Der K\u00f6nig von Edom verweigert ihnen den Durchzug. Aaron gibt seine Priestergew\u00e4nder an Eleasar und stirbt. Erneut herrscht Unzufriedenheit wegen Wassermangels und des t\u00e4gliche Manna. Nach einer Bestrafung bereuen sie und ziehen gegen die Amoriter und die Bewohner Baschans in den Krieg und erobern ihr Land.<\/p>\n\n\n\n<ul id=\"block-14d6fb05-45d4-40db-a1ef-b8978953d5c3\" class=\"wp-block-list\">\n<li><strong><a href=\"https:\/\/www.talmud.de\/tlmd\/die-torah-eine-deutsche-uebersetzung\/die-torah-chukat\/\" data-type=\"page\" data-id=\"2889\">Die Torah \u2013 Chukat<\/a>\u00a0<\/strong>(Deutsch)<\/li>\n\n\n\n<li><strong><a href=\"https:\/\/www.sefaria.org\/Numbers.19.1?ven=Der_Pentateuch,_%C3%BCbersetzt_und_erl%C3%A4utert_von_Samson_Raphael_Hirsch._Frankfurt_am_Main,_1867-1878_[de]&amp;lang=bi&amp;with=all&amp;lang2=en\" target=\"_blank\" rel=\"noreferrer noopener\">Text des Abschnitts Chukat<\/a><\/strong>\u00a0(Deutsch-Hebr\u00e4isch), talmud.de \u00dcbersetzung auf\u00a0<em>Sefaria<\/em>\u00a0<img loading=\"lazy\" decoding=\"async\" width=\"20\" height=\"24\" src=\"https:\/\/i0.wp.com\/www.talmud.de\/tlmd\/wp-content\/uploads\/2021\/08\/sefaria_klein.png?resize=20%2C24&amp;ssl=1\" alt=\"Sefaria Logo\"><\/li>\n\n\n\n<li><strong><a href=\"https:\/\/tikkun.io\/#\/p\/chukat\" target=\"_blank\" rel=\"noreferrer noopener\">Abschnitt im Tikkun<\/a><\/strong>\u00a0<img loading=\"lazy\" decoding=\"async\" width=\"41\" height=\"28\" src=\"https:\/\/i0.wp.com\/www.talmud.de\/tlmd\/wp-content\/uploads\/2020\/06\/tikkun_online_schriftwechsel.png?resize=41%2C28&amp;ssl=1\" alt=\"\"><\/li>\n<\/ul>\n\n\n\n<h2 class=\"wp-block-heading\">Ausf\u00fchrliche Zusammenfassung<\/h2>\n\n\n\n<p><em>Von David Sander<\/em> <\/p>\n\n\n\n<ul class=\"wp-block-list\">\n<li>Schlachtung und Verbrennung einer roten Kuh (Para Adumma), deren Asche mit Quellwasser vermischt, als Ents\u00fcndigungswasser auf den durch eine Leiche Verunreinigten, auf das verunreinigte Zelt und die darin befindlichen Ger\u00e4te am 3. und 7. Tage der Unreinheit gesprengt werden soll.<\/li>\n\n\n\n<li>Tod der Mirjam<\/li>\n\n\n\n<li>Murren Israels wegen Wassermangels<\/li>\n\n\n\n<li>Mosche und Aharons Vers\u00fcndigung: sie haben Gott nicht geheiligt (worin die Verfehlung besteht, ist nicht angegeben und wird von den Schrifterkl\u00e4rern verschieden aufgefasst; von Raschi: weil Mosche den Felsen geschlagen habe, anstatt nur zu ihm zu sprechen) und sollen darum Israel nicht nach Kanaan f\u00fchren. <\/li>\n\n\n\n<li>Edoms K\u00f6nig verweigert die Erlaubnis zum Durchzug durch sein Land.<\/li>\n\n\n\n<li>Tod Ahrons und Einsetzung seines Sohnes Eleasar zum Nachfolger durch Anlegung der Priesterkleider. <\/li>\n\n\n\n<li>Siegreicher Kampf mit den Kanaanitern.<\/li>\n\n\n\n<li>Murren Israels \u00fcber Mangel an Brot und Wasser, gro\u00dfes Sterben durch den Biss feuriger (giftiger) Schlangen, Heilung durch Aufblick zu einer von Mosche auf Gottes Gehei\u00df gefertigten kupfernen Schlange. (Rosch Haschanah 3, 8 erkl\u00e4rt: Solange Israel zur H\u00f6he schaut und sein Herz seinem himmlischen Vater unterordnet, wird ihm geholfen).<\/li>\n\n\n\n<li>Z\u00fcge Israels bis an den Arnon. <\/li>\n\n\n\n<li>Der Amoriterk\u00f6nig Sichon, der den Durchzug durch sein Land nicht gestattet, wird besiegt, ebenso der feindlich entgegenziehende Og, K\u00f6nig von Basan, deren L\u00e4nder Israel in Besitz nimmt.<\/li>\n<\/ul>\n\n\n\n<h2 class=\"wp-block-heading\">Zum Wochenabschnitt<\/h2>\n\n\n\n<ul class=\"wp-block-list\">\n<li><strong>J\u00fcdische Allgemeine<\/strong>\n<ul class=\"wp-block-list\">\n<li><strong><a href=\"https:\/\/www.juedische-allgemeine.de\/religion\/reinheit-in-zeiten-des-todes\/\">Reinheit in Zeiten des Todes<\/a><\/strong>. Warum die Geschichte von der Roten Kuh im 4. Buch Mose steht <em>von Rabbiner Arie Folger<\/em><\/li>\n\n\n\n<li><strong><a href=\"https:\/\/www.juedische-allgemeine.de\/allgemein\/gelobt-sei-die-schlange\/\">Gelobt sei die Schlange!<\/a> <\/strong>Warum die Israeliten von den wilden Tieren angegriffen wurden und wie Gott sie geheilt hat <em>von Chajm Guski<\/em><\/li>\n\n\n\n<li><strong><a href=\"https:\/\/www.juedische-allgemeine.de\/religion\/raus-aus-den-kinderschuhen\/\">Raus aus den Kinderschuhen.<\/a><\/strong> Die neue Generation soll allm\u00e4hlich lernen, ohne Wunder auszukommen. Von Rabbiner Jaron Engelmayer<\/li>\n<\/ul>\n<\/li>\n\n\n\n<li><strong>Chabad<\/strong>\n<ul class=\"wp-block-list\">\n<li><a href=\"https:\/\/de.chabad.org\/parshah\/article_cdo\/aid\/693070\/jewish\/Og-Der-Riese.htm\"><strong>Og &#8211; Der Riese<\/strong>,<\/a> von Dr. William Stern<\/li>\n\n\n\n<li><strong><a href=\"https:\/\/de.chabad.org\/parshah\/article_cdo\/aid\/529354\/jewish\/Drei-Aspekte-von-Tora.htm\">Drei Aspekte von Tora<\/a><\/strong> von Dr. William Stern<\/li>\n<\/ul>\n<\/li>\n\n\n\n<li><strong>hagalil.com<\/strong>\n<ul class=\"wp-block-list\">\n<li><a href=\"https:\/\/judentum.hagalil.com\/sidrath-chukkat\/\"><strong>Das Geheimnis der Roten Kuh<\/strong><\/a>. Von Nechama Leibowitz<\/li>\n<\/ul>\n<\/li>\n<\/ul>\n\n\n\n<h2 class=\"wp-block-heading\">Haftarah<\/h2>\n\n\n\n<p><em>Die meisten Minhagim<\/em>: <a href=\"https:\/\/www.talmud.de\/tlmd\/tanach\/schoftim-das-buch-der-richter\/#Kapitel11\">Schoftim 11,1<\/a> \u2013 11,33<br><em>Jemenitisch<\/em>: <a href=\"https:\/\/www.talmud.de\/tlmd\/tanach\/schoftim-das-buch-der-richter\/#Kapitel11\">Schoftim 11,1<\/a> \u2013 11,40<\/p>\n\n\n\n<div class=\"wp-block-group\"><div class=\"wp-block-group__inner-container is-layout-flow wp-block-group-is-layout-flow\">\n<div class=\"wp-block-columns is-layout-flex wp-container-core-columns-is-layout-1 wp-block-columns-is-layout-flex\">\n<div class=\"wp-block-column is-layout-flow wp-block-column-is-layout-flow\" style=\"flex-basis:33.33%\">\n<figure class=\"wp-block-image size-large\"><a href=\"https:\/\/www.talmud.de\/tlmd\/zum-wochenabschnitt\/\"><img data-recalc-dims=\"1\" loading=\"lazy\" decoding=\"async\" width=\"89\" height=\"81\" src=\"https:\/\/i0.wp.com\/www.talmud.de\/tlmd\/wp-content\/uploads\/2021\/03\/torah_rolle_80.png?resize=89%2C81&#038;ssl=1\" alt=\"\" class=\"wp-image-7253\"\/><\/a><\/figure>\n<\/div>\n\n\n\n<div class=\"wp-block-column is-layout-flow wp-block-column-is-layout-flow\" style=\"flex-basis:66.66%\">\n<p><a href=\"https:\/\/www.talmud.de\/tlmd\/zum-wochenabschnitt\/\"><img data-recalc-dims=\"1\" loading=\"lazy\" decoding=\"async\" width=\"33\" height=\"20\" class=\"wp-image-1962\" style=\"width: 33px;\" src=\"https:\/\/i0.wp.com\/www.talmud.de\/tlmd\/wp-content\/uploads\/2016\/02\/hand_talmudde.png?resize=33%2C20&#038;ssl=1\" alt=\"\"> <strong>Zur \u00dcbersicht \u00fcber die Wochenabschnitte<\/strong><\/a><\/p>\n<\/div>\n<\/div>\n\n\n\n<p><\/p>\n<\/div><\/div>\n","protected":false},"excerpt":{"rendered":"<p>Zusammenfassung BaMidbar 19,1\u201322,1 Der Wochenabschnitt dieser Woche berichtet zun\u00e4chst davon, dass die Asche einer roten Kuh Leichenunreinheit an Personen beseitigt. In der \u00bbWildnis von Zin\u00ab stirbt Mirjam und wird dort begraben. Im Volk herrscht Unzufriedenheit, man w\u00fcnscht sich Wasser. Moses \u00f6ffnet daraufhin eine Quelle aus einem Stein, aber nicht auf die Art und Weise, wie Gott dies gebot. Moses und Aaron wird er\u00f6ffnet, dass sie deshalb das Land Israel nicht betreten d\u00fcrften. Der K\u00f6nig von Edom verweigert ihnen den Durchzug. Aaron gibt seine Priestergew\u00e4nder an Eleasar und stirbt. Erneut herrscht Unzufriedenheit wegen Wassermangels und des t\u00e4gliche Manna. Nach einer Bestrafung bereuen sie und ziehen gegen die Amoriter und die Bewohner Baschans in den Krieg und erobern ihr Land. Ausf\u00fchrliche Zusammenfassung Von David Sander Zum Wochenabschnitt Haftarah Die meisten Minhagim: Schoftim 11,1 \u2013 11,33Jemenitisch: Schoftim 11,1 \u2013 11,40<\/p>\n","protected":false},"author":1,"featured_media":0,"parent":0,"menu_order":0,"comment_status":"closed","ping_status":"closed","template":"","meta":{"_themeisle_gutenberg_block_has_review":false,"footnotes":""},"class_list":["post-9714","page","type-page","status-publish","hentry"],"jetpack_sharing_enabled":true,"_links":{"self":[{"href":"https:\/\/www.talmud.de\/tlmd\/wp-json\/wp\/v2\/pages\/9714","targetHints":{"allow":["GET"]}}],"collection":[{"href":"https:\/\/www.talmud.de\/tlmd\/wp-json\/wp\/v2\/pages"}],"about":[{"href":"https:\/\/www.talmud.de\/tlmd\/wp-json\/wp\/v2\/types\/page"}],"author":[{"embeddable":true,"href":"https:\/\/www.talmud.de\/tlmd\/wp-json\/wp\/v2\/users\/1"}],"replies":[{"embeddable":true,"href":"https:\/\/www.talmud.de\/tlmd\/wp-json\/wp\/v2\/comments?post=9714"}],"version-history":[{"count":1,"href":"https:\/\/www.talmud.de\/tlmd\/wp-json\/wp\/v2\/pages\/9714\/revisions"}],"predecessor-version":[{"id":10150,"href":"https:\/\/www.talmud.de\/tlmd\/wp-json\/wp\/v2\/pages\/9714\/revisions\/10150"}],"wp:attachment":[{"href":"https:\/\/www.talmud.de\/tlmd\/wp-json\/wp\/v2\/media?parent=9714"}],"curies":[{"name":"wp","href":"https:\/\/api.w.org\/{rel}","templated":true}]}}